{"id":97291,"date":"2022-05-12T17:51:12","date_gmt":"2022-05-12T15:51:12","guid":{"rendered":"https:\/\/cienfuegos.fr\/?post_type=product&#038;p=97291"},"modified":"2022-05-12T17:51:12","modified_gmt":"2022-05-12T15:51:12","slug":"musica-japonesa","status":"publish","type":"product","link":"https:\/\/cienfuegos.fr\/index.php\/product\/musica-japonesa\/","title":{"rendered":"M\u00fasica japonesa"},"content":{"rendered":"","protected":false},"excerpt":{"rendered":"<p>T\u00edtulo: M\u00fasica japonesa<\/p>\n<p>Autor: Rodolfo Fogwill<\/p>\n<p>Editorial: Editorial de Belgrano<\/p>\n<p>Fecha: 1982 (primera edici\u00f3n)<\/p>\n","protected":false},"featured_media":97292,"comment_status":"open","ping_status":"closed","template":"","meta":[],"class_list":{"0":"post-97291","1":"product","2":"type-product","3":"status-publish","4":"has-post-thumbnail","6":"product_cat-uncategorized","7":"post","9":"first","10":"instock","11":"taxable","12":"shipping-taxable","13":"purchasable","14":"product-type-simple"},"_links":{"self":[{"href":"https:\/\/cienfuegos.fr\/index.php\/wp-json\/wp\/v2\/product\/97291","targetHints":{"allow":["GET"]}}],"collection":[{"href":"https:\/\/cienfuegos.fr\/index.php\/wp-json\/wp\/v2\/product"}],"about":[{"href":"https:\/\/cienfuegos.fr\/index.php\/wp-json\/wp\/v2\/types\/product"}],"replies":[{"embeddable":true,"href":"https:\/\/cienfuegos.fr\/index.php\/wp-json\/wp\/v2\/comments?post=97291"}],"wp:featuredmedia":[{"embeddable":true,"href":"https:\/\/cienfuegos.fr\/index.php\/wp-json\/wp\/v2\/media\/97292"}],"wp:attachment":[{"href":"https:\/\/cienfuegos.fr\/index.php\/wp-json\/wp\/v2\/media?parent=97291"}],"curies":[{"name":"wp","href":"https:\/\/api.w.org\/{rel}","templated":true}]}}