{"id":69101,"date":"2021-11-11T16:26:15","date_gmt":"2021-11-11T15:26:15","guid":{"rendered":"https:\/\/cienfuegos.fr\/?post_type=product&#038;p=69101"},"modified":"2021-11-11T16:26:16","modified_gmt":"2021-11-11T15:26:16","slug":"la-ciudad-invisible","status":"publish","type":"product","link":"https:\/\/cienfuegos.fr\/index.php\/product\/la-ciudad-invisible\/","title":{"rendered":"La ciudad invisible"},"content":{"rendered":"<p>T\u00edtulo: La ciudad invisible<\/p>\n<p>Autora: Fernanda Tr\u00edas<\/p>\n<p>Editorial: Demipage<\/p>\n<p>Tras cuatro mudanzas, un fracaso sentimental y la muerte de su padre, la protagonista de \u00abLa ciudad invencible\u00bb, una mujer de unos treinta a\u00f1os que comienza a ser consciente del paso del tiempo y del fracaso de las expectativas que se hab\u00eda forjado hasta entonces, llega a Buenos Aires. All\u00ed se abrir\u00e1 ante ella una nueva etapa en la que deber\u00e1 rendir cuentas de su pasado, enfrentarse a la desaz\u00f3n de su presente y orientarse de nuevo hacia la promesa del futuro.<\/p>\n","protected":false},"excerpt":{"rendered":"<p>T\u00edtulo: La ciudad invisible Autora: Fernanda Tr\u00edas Editorial: Demipage Tras cuatro mudanzas, un fracaso sentimental y la muerte de su padre, la protagonista de \u00abLa ciudad invencible\u00bb, una mujer de unos treinta a\u00f1os que comienza a ser consciente del paso del tiempo y del fracaso de las expectativas que se hab\u00eda forjado hasta entonces, llega&hellip;<\/p>\n","protected":false},"featured_media":69102,"comment_status":"open","ping_status":"closed","template":"","meta":[],"class_list":{"0":"post-69101","1":"product","2":"type-product","3":"status-publish","4":"has-post-thumbnail","6":"product_cat-uncategorized","7":"post","9":"first","10":"instock","11":"taxable","12":"shipping-taxable","13":"product-type-simple"},"_links":{"self":[{"href":"https:\/\/cienfuegos.fr\/index.php\/wp-json\/wp\/v2\/product\/69101","targetHints":{"allow":["GET"]}}],"collection":[{"href":"https:\/\/cienfuegos.fr\/index.php\/wp-json\/wp\/v2\/product"}],"about":[{"href":"https:\/\/cienfuegos.fr\/index.php\/wp-json\/wp\/v2\/types\/product"}],"replies":[{"embeddable":true,"href":"https:\/\/cienfuegos.fr\/index.php\/wp-json\/wp\/v2\/comments?post=69101"}],"wp:featuredmedia":[{"embeddable":true,"href":"https:\/\/cienfuegos.fr\/index.php\/wp-json\/wp\/v2\/media\/69102"}],"wp:attachment":[{"href":"https:\/\/cienfuegos.fr\/index.php\/wp-json\/wp\/v2\/media?parent=69101"}],"curies":[{"name":"wp","href":"https:\/\/api.w.org\/{rel}","templated":true}]}}