{"id":6847,"date":"2020-09-28T04:54:44","date_gmt":"2020-09-28T02:54:44","guid":{"rendered":"https:\/\/cienfuegos.fr\/?post_type=product&#038;p=6847"},"modified":"2020-09-28T04:54:44","modified_gmt":"2020-09-28T02:54:44","slug":"subsuelo","status":"publish","type":"product","link":"https:\/\/cienfuegos.fr\/index.php\/product\/subsuelo\/","title":{"rendered":"Subsuelo"},"content":{"rendered":"","protected":false},"excerpt":{"rendered":"<p>Autor: Luj\u00e1n, Marcelo<br \/>\nEditorial: Salto de p\u00e1gina<br \/>\nA\u00f1o de publicaci\u00f3n:<br \/>\nN\u00famero de p\u00e1ginas:<br \/>\nI.S.B.N:<\/p>\n<p>Un cuerpo vivo que se cambia por un cad\u00e1ver. Una piscina. Un flash. El pantano. Y los mellizos, que comparten un secreto del que no parece f\u00e1cil escapar. Como un murmullo bajo la tierra centenaria, la indiferencia adolescente se puede ver truncada por la calma del agua; apenas un instante dentro de aquella noche que suda veneno. Familia, recuerdos, pasado. Hormigas. Las ra\u00edces escondidas que siempre est\u00e1n presentes y tan activas: apretando el m\u00fasculo de la sentencia. Como el pulso a dos manos que obliga a soluciones suicidas. Como el cord\u00f3n umbilical que une y separa, que ata y aprieta. Hasta la muerte. Hasta la culpa. Dos veranos son suficientes para que la parcela del valle se convierta en el escenario de una perfecta tortura emocional.<\/p>\n","protected":false},"featured_media":0,"comment_status":"open","ping_status":"closed","template":"","meta":[],"class_list":{"0":"post-6847","1":"product","2":"type-product","3":"status-publish","5":"product_cat-narrativa","6":"post","8":"first","9":"instock","10":"taxable","11":"shipping-taxable","12":"purchasable","13":"product-type-simple"},"_links":{"self":[{"href":"https:\/\/cienfuegos.fr\/index.php\/wp-json\/wp\/v2\/product\/6847","targetHints":{"allow":["GET"]}}],"collection":[{"href":"https:\/\/cienfuegos.fr\/index.php\/wp-json\/wp\/v2\/product"}],"about":[{"href":"https:\/\/cienfuegos.fr\/index.php\/wp-json\/wp\/v2\/types\/product"}],"replies":[{"embeddable":true,"href":"https:\/\/cienfuegos.fr\/index.php\/wp-json\/wp\/v2\/comments?post=6847"}],"wp:attachment":[{"href":"https:\/\/cienfuegos.fr\/index.php\/wp-json\/wp\/v2\/media?parent=6847"}],"curies":[{"name":"wp","href":"https:\/\/api.w.org\/{rel}","templated":true}]}}