{"id":6844,"date":"2020-09-28T04:53:17","date_gmt":"2020-09-28T02:53:17","guid":{"rendered":"https:\/\/cienfuegos.fr\/?post_type=product&#038;p=6844"},"modified":"2020-09-28T04:53:17","modified_gmt":"2020-09-28T02:53:17","slug":"bajo-el-volcan","status":"publish","type":"product","link":"https:\/\/cienfuegos.fr\/index.php\/product\/bajo-el-volcan\/","title":{"rendered":"Bajo el volc\u00e1n"},"content":{"rendered":"","protected":false},"excerpt":{"rendered":"<p>Autor: Lowry, Malcolm<br \/>\nEditorial:<br \/>\nA\u00f1o de publicaci\u00f3n:<br \/>\nN\u00famero de p\u00e1ginas:<br \/>\nI.S.B.N:<\/p>\n<p>Traducido del Ingl\u00e9s por Ra\u00fal Ortiz y Ortiz. Bell\u00edsima edici\u00f3n ilustrada en color por Alberto Gironella. Edici\u00f3n de Claudio L\u00f3pez de Lamadrid. Cinta de lectura. Profusamente ilustrado con l\u00e1minas color fuera de texto. Tela editorial tapa dura con sobrecubierta de editorial ilustrada. Sin subrayados ni anotaciones. Muy Buen estado de conservaci\u00f3n.<\/p>\n","protected":false},"featured_media":0,"comment_status":"open","ping_status":"closed","template":"","meta":[],"class_list":{"0":"post-6844","1":"product","2":"type-product","3":"status-publish","5":"product_cat-narrativa","6":"post","8":"first","9":"instock","10":"taxable","11":"shipping-taxable","12":"purchasable","13":"product-type-simple"},"_links":{"self":[{"href":"https:\/\/cienfuegos.fr\/index.php\/wp-json\/wp\/v2\/product\/6844","targetHints":{"allow":["GET"]}}],"collection":[{"href":"https:\/\/cienfuegos.fr\/index.php\/wp-json\/wp\/v2\/product"}],"about":[{"href":"https:\/\/cienfuegos.fr\/index.php\/wp-json\/wp\/v2\/types\/product"}],"replies":[{"embeddable":true,"href":"https:\/\/cienfuegos.fr\/index.php\/wp-json\/wp\/v2\/comments?post=6844"}],"wp:attachment":[{"href":"https:\/\/cienfuegos.fr\/index.php\/wp-json\/wp\/v2\/media?parent=6844"}],"curies":[{"name":"wp","href":"https:\/\/api.w.org\/{rel}","templated":true}]}}