{"id":6821,"date":"2020-09-28T04:12:44","date_gmt":"2020-09-28T02:12:44","guid":{"rendered":"https:\/\/cienfuegos.fr\/?post_type=product&#038;p=6821"},"modified":"2020-09-28T04:12:45","modified_gmt":"2020-09-28T02:12:45","slug":"manana-en-la-batalla-piensa-en-mi","status":"publish","type":"product","link":"https:\/\/cienfuegos.fr\/index.php\/product\/manana-en-la-batalla-piensa-en-mi\/","title":{"rendered":"Ma\u00f1ana en la batalla piensa en m\u00ed"},"content":{"rendered":"","protected":false},"excerpt":{"rendered":"<p>Autor: Mar\u00edas, Javier<br \/>\nEditorial: Punto de lectura<br \/>\nA\u00f1o de publicaci\u00f3n:<br \/>\nN\u00famero de p\u00e1ginas:<br \/>\nI.S.B.N:<\/p>\n","protected":false},"featured_media":0,"comment_status":"open","ping_status":"closed","template":"","meta":[],"class_list":{"0":"post-6821","1":"product","2":"type-product","3":"status-publish","5":"product_cat-narrativa","6":"post","8":"first","9":"instock","10":"taxable","11":"shipping-taxable","12":"purchasable","13":"product-type-simple"},"_links":{"self":[{"href":"https:\/\/cienfuegos.fr\/index.php\/wp-json\/wp\/v2\/product\/6821","targetHints":{"allow":["GET"]}}],"collection":[{"href":"https:\/\/cienfuegos.fr\/index.php\/wp-json\/wp\/v2\/product"}],"about":[{"href":"https:\/\/cienfuegos.fr\/index.php\/wp-json\/wp\/v2\/types\/product"}],"replies":[{"embeddable":true,"href":"https:\/\/cienfuegos.fr\/index.php\/wp-json\/wp\/v2\/comments?post=6821"}],"wp:attachment":[{"href":"https:\/\/cienfuegos.fr\/index.php\/wp-json\/wp\/v2\/media?parent=6821"}],"curies":[{"name":"wp","href":"https:\/\/api.w.org\/{rel}","templated":true}]}}