{"id":6801,"date":"2020-09-28T03:53:26","date_gmt":"2020-09-28T01:53:26","guid":{"rendered":"https:\/\/cienfuegos.fr\/?post_type=product&#038;p=6801"},"modified":"2020-09-28T03:53:27","modified_gmt":"2020-09-28T01:53:27","slug":"caligrafia-de-los-suenos","status":"publish","type":"product","link":"https:\/\/cienfuegos.fr\/index.php\/product\/caligrafia-de-los-suenos\/","title":{"rendered":"Caligraf\u00eda de los sue\u00f1os"},"content":{"rendered":"","protected":false},"excerpt":{"rendered":"<p>Autor: Mars\u00e9, Juan<br \/>\nEditorial:<br \/>\nA\u00f1o de publicaci\u00f3n:<br \/>\nN\u00famero de p\u00e1ginas:<br \/>\nI.S.B.N:<\/p>\n<p>Editorial Lumen, 2011, Barcelona. Primera edici\u00f3n., 2011. 21&#215;15. Encuadernaci\u00f3n editorial con sobrecubierta.<\/p>\n","protected":false},"featured_media":0,"comment_status":"open","ping_status":"closed","template":"","meta":[],"class_list":{"0":"post-6801","1":"product","2":"type-product","3":"status-publish","5":"product_cat-narrativa","6":"post","8":"first","9":"instock","10":"taxable","11":"shipping-taxable","12":"purchasable","13":"product-type-simple"},"_links":{"self":[{"href":"https:\/\/cienfuegos.fr\/index.php\/wp-json\/wp\/v2\/product\/6801","targetHints":{"allow":["GET"]}}],"collection":[{"href":"https:\/\/cienfuegos.fr\/index.php\/wp-json\/wp\/v2\/product"}],"about":[{"href":"https:\/\/cienfuegos.fr\/index.php\/wp-json\/wp\/v2\/types\/product"}],"replies":[{"embeddable":true,"href":"https:\/\/cienfuegos.fr\/index.php\/wp-json\/wp\/v2\/comments?post=6801"}],"wp:attachment":[{"href":"https:\/\/cienfuegos.fr\/index.php\/wp-json\/wp\/v2\/media?parent=6801"}],"curies":[{"name":"wp","href":"https:\/\/api.w.org\/{rel}","templated":true}]}}