{"id":6773,"date":"2020-09-28T03:19:46","date_gmt":"2020-09-28T01:19:46","guid":{"rendered":"https:\/\/cienfuegos.fr\/?post_type=product&#038;p=6773"},"modified":"2020-09-28T03:19:46","modified_gmt":"2020-09-28T01:19:46","slug":"cien-anos-de-soledad-6","status":"publish","type":"product","link":"https:\/\/cienfuegos.fr\/index.php\/product\/cien-anos-de-soledad-6\/","title":{"rendered":"Cien a\u00f1os de soledad"},"content":{"rendered":"","protected":false},"excerpt":{"rendered":"<p>Autor: Garc\u00eda M\u00e1rquez<br \/>\nEditorial: Sudamericana<br \/>\nA\u00f1o de publicaci\u00f3n: 1967<br \/>\nN\u00famero de p\u00e1ginas:<br \/>\nI.S.B.N:<\/p>\n<p>Tercera edici\u00f3n. Sudamericana, 351 p\u00e1gs., Buenos Aires, 1967. R\u00fastica. Condici\u00f3n: Muy buen estado. Segunda edici\u00f3n. Firma de antiguo due\u00f1o en la anteportada.<\/p>\n","protected":false},"featured_media":6367,"comment_status":"open","ping_status":"closed","template":"","meta":[],"class_list":{"0":"post-6773","1":"product","2":"type-product","3":"status-publish","4":"has-post-thumbnail","6":"product_cat-narrativa","7":"post","9":"first","10":"instock","11":"taxable","12":"shipping-taxable","13":"purchasable","14":"product-type-simple"},"_links":{"self":[{"href":"https:\/\/cienfuegos.fr\/index.php\/wp-json\/wp\/v2\/product\/6773","targetHints":{"allow":["GET"]}}],"collection":[{"href":"https:\/\/cienfuegos.fr\/index.php\/wp-json\/wp\/v2\/product"}],"about":[{"href":"https:\/\/cienfuegos.fr\/index.php\/wp-json\/wp\/v2\/types\/product"}],"replies":[{"embeddable":true,"href":"https:\/\/cienfuegos.fr\/index.php\/wp-json\/wp\/v2\/comments?post=6773"}],"wp:featuredmedia":[{"embeddable":true,"href":"https:\/\/cienfuegos.fr\/index.php\/wp-json\/wp\/v2\/media\/6367"}],"wp:attachment":[{"href":"https:\/\/cienfuegos.fr\/index.php\/wp-json\/wp\/v2\/media?parent=6773"}],"curies":[{"name":"wp","href":"https:\/\/api.w.org\/{rel}","templated":true}]}}