{"id":6740,"date":"2020-09-28T02:38:04","date_gmt":"2020-09-28T00:38:04","guid":{"rendered":"https:\/\/cienfuegos.fr\/?post_type=product&#038;p=6740"},"modified":"2020-09-28T02:38:04","modified_gmt":"2020-09-28T00:38:04","slug":"sierra-padre","status":"publish","type":"product","link":"https:\/\/cienfuegos.fr\/index.php\/product\/sierra-padre\/","title":{"rendered":"Sierra padre"},"content":{"rendered":"","protected":false},"excerpt":{"rendered":"<p>Autor: Martoccia, Mar\u00eda<br \/>\nEditorial: Emec\u00e9<br \/>\nA\u00f1o de publicaci\u00f3n:<br \/>\nN\u00famero de p\u00e1ginas:<br \/>\nI.S.B.N:<\/p>\n<p>Dos hombres comparten un rancho desde hace diez a\u00f1os; otro, para purificarse, elige perderlo todo. A una mujer le gusta comentar con fruici\u00f3n los problemas de los vecinos; un enfermero tiene debilidad por las posesiones de los pacientes que atiende; un joven provinciano en Barrio Norte, debilidad esa raudales. Las criaturas enigm\u00e1ticas y decisivas de esta novela abandonan objetos y pasiones con la secreta persuasi\u00f3n de que eso es la inmortalidad. La autora es traductora y colabora con diversos medios del pa\u00eds y del extranjero. Ha publicado el libro de cuentos \u00abCaravana\u00bb; el libro de semblanzas biogr\u00e1ficas \u00abCuerpos fr\u00e1giles, mujeres prodigiosas\u00bb (en coautor\u00eda con Javiera Guti\u00e9rrez) y la novela \u00abLos oficios\u00bb. 192 P\u00e1ginas. 250 gr.<\/p>\n","protected":false},"featured_media":6353,"comment_status":"open","ping_status":"closed","template":"","meta":[],"class_list":{"0":"post-6740","1":"product","2":"type-product","3":"status-publish","4":"has-post-thumbnail","6":"product_cat-narrativa","7":"post","9":"first","10":"instock","11":"taxable","12":"shipping-taxable","13":"purchasable","14":"product-type-simple"},"_links":{"self":[{"href":"https:\/\/cienfuegos.fr\/index.php\/wp-json\/wp\/v2\/product\/6740","targetHints":{"allow":["GET"]}}],"collection":[{"href":"https:\/\/cienfuegos.fr\/index.php\/wp-json\/wp\/v2\/product"}],"about":[{"href":"https:\/\/cienfuegos.fr\/index.php\/wp-json\/wp\/v2\/types\/product"}],"replies":[{"embeddable":true,"href":"https:\/\/cienfuegos.fr\/index.php\/wp-json\/wp\/v2\/comments?post=6740"}],"wp:featuredmedia":[{"embeddable":true,"href":"https:\/\/cienfuegos.fr\/index.php\/wp-json\/wp\/v2\/media\/6353"}],"wp:attachment":[{"href":"https:\/\/cienfuegos.fr\/index.php\/wp-json\/wp\/v2\/media?parent=6740"}],"curies":[{"name":"wp","href":"https:\/\/api.w.org\/{rel}","templated":true}]}}