{"id":6726,"date":"2020-09-28T02:23:46","date_gmt":"2020-09-28T00:23:46","guid":{"rendered":"https:\/\/cienfuegos.fr\/?post_type=product&#038;p=6726"},"modified":"2020-09-28T02:23:47","modified_gmt":"2020-09-28T00:23:47","slug":"radiografia-de-la-pampa","status":"publish","type":"product","link":"https:\/\/cienfuegos.fr\/index.php\/product\/radiografia-de-la-pampa\/","title":{"rendered":"Radiograf\u00eda de La Pampa"},"content":{"rendered":"","protected":false},"excerpt":{"rendered":"<p>Autor: Mart\u00ednez Estrada, Ezequiel<br \/>\nEditorial: Archivos<br \/>\nA\u00f1o de publicaci\u00f3n:<br \/>\nN\u00famero de p\u00e1ginas:<br \/>\nI.S.B.N:<\/p>\n<p>ALLCA XX, Colecci\u00f3n Archivos, Paris, 1994. Broschiert. Condici\u00f3n: New. Estado de la sobrecubierta: mit Schutzumschlag. 17&#215;24 cm, Archivos 19. 360p., Hardcover. Tapa dura con sobre protector. Sprache: Spanisch, Envuelto en pl\u00e1stico original de la editorial. NUEVO \/ NEU \/ NEW. \u00abConstituye \u00abRadiograf\u00eda de la pampa\u00bb -junto al \u00abFacundo\u00bb y al \u00abMart\u00edn Fierro\u00bb- uno de los libros fundacionales de la literatura argentina; m\u00e1s a\u00fan, de la latinoamericana; leg\u00edtimo es, por lo tanto, situarlo entre los configuradores de nuestra personalidad cultural. La obra, transgresora de g\u00e9neros y convenciones, inaugura una corriente de indagaci\u00f3n del nuevo car\u00e1cter que la crisis de 1930 confer\u00eda a la realidad, y para atestiguarlo recurre a un lenguaje deslumbrante, gr\u00e1vido de intuiciones y osadas mostraciones. Inoportuno, como todos los profetas, predic\u00f3 en un medio que a\u00fan no hab\u00eda decidido arrumbar el conformismo y el candor; \u00bfno ser\u00e1n la belleza y la extemporaneidad dos de sus mayores virtudes?\u00bb (Gregorio Weinberg)<\/p>\n","protected":false},"featured_media":6347,"comment_status":"open","ping_status":"closed","template":"","meta":[],"class_list":{"0":"post-6726","1":"product","2":"type-product","3":"status-publish","4":"has-post-thumbnail","6":"product_cat-narrativa","7":"post","9":"first","10":"instock","11":"taxable","12":"shipping-taxable","13":"purchasable","14":"product-type-simple"},"_links":{"self":[{"href":"https:\/\/cienfuegos.fr\/index.php\/wp-json\/wp\/v2\/product\/6726","targetHints":{"allow":["GET"]}}],"collection":[{"href":"https:\/\/cienfuegos.fr\/index.php\/wp-json\/wp\/v2\/product"}],"about":[{"href":"https:\/\/cienfuegos.fr\/index.php\/wp-json\/wp\/v2\/types\/product"}],"replies":[{"embeddable":true,"href":"https:\/\/cienfuegos.fr\/index.php\/wp-json\/wp\/v2\/comments?post=6726"}],"wp:featuredmedia":[{"embeddable":true,"href":"https:\/\/cienfuegos.fr\/index.php\/wp-json\/wp\/v2\/media\/6347"}],"wp:attachment":[{"href":"https:\/\/cienfuegos.fr\/index.php\/wp-json\/wp\/v2\/media?parent=6726"}],"curies":[{"name":"wp","href":"https:\/\/api.w.org\/{rel}","templated":true}]}}