{"id":6721,"date":"2020-09-28T02:17:51","date_gmt":"2020-09-28T00:17:51","guid":{"rendered":"https:\/\/cienfuegos.fr\/?post_type=product&#038;p=6721"},"modified":"2020-09-28T02:17:51","modified_gmt":"2020-09-28T00:17:51","slug":"un-silencio-de-corchea","status":"publish","type":"product","link":"https:\/\/cienfuegos.fr\/index.php\/product\/un-silencio-de-corchea\/","title":{"rendered":"Un silencio de corchea"},"content":{"rendered":"","protected":false},"excerpt":{"rendered":"<p>Autor: Moyano, Daniel<br \/>\nEditorial:<br \/>\nA\u00f1o de publicaci\u00f3n:<br \/>\nN\u00famero de p\u00e1ginas:<br \/>\nI.S.B.N:<\/p>\n<p>Re\u00fano en este volumen unos textos escritos entre los a\u00f1os 1980 y 1990, agrupados en dos secciones: Del tiempo y De la m\u00fasica. En la primera, propongo al lector una serie de variaciones sobre lo que podr\u00edamos llamar \u00absentimiento del tiempo\u00bb; en la segunda, le cuento unas historias que tienen como base mi actividad como m\u00fasico rural en pueblos de la cordillera de los Andes, pero que en el fondo tratan de lo mismo? Daniel Moyano en la Nota del autor que precede al libro.<\/p>\n","protected":false},"featured_media":6424,"comment_status":"open","ping_status":"closed","template":"","meta":[],"class_list":{"0":"post-6721","1":"product","2":"type-product","3":"status-publish","4":"has-post-thumbnail","6":"product_cat-narrativa","7":"post","9":"first","10":"instock","11":"taxable","12":"shipping-taxable","13":"purchasable","14":"product-type-simple"},"_links":{"self":[{"href":"https:\/\/cienfuegos.fr\/index.php\/wp-json\/wp\/v2\/product\/6721","targetHints":{"allow":["GET"]}}],"collection":[{"href":"https:\/\/cienfuegos.fr\/index.php\/wp-json\/wp\/v2\/product"}],"about":[{"href":"https:\/\/cienfuegos.fr\/index.php\/wp-json\/wp\/v2\/types\/product"}],"replies":[{"embeddable":true,"href":"https:\/\/cienfuegos.fr\/index.php\/wp-json\/wp\/v2\/comments?post=6721"}],"wp:featuredmedia":[{"embeddable":true,"href":"https:\/\/cienfuegos.fr\/index.php\/wp-json\/wp\/v2\/media\/6424"}],"wp:attachment":[{"href":"https:\/\/cienfuegos.fr\/index.php\/wp-json\/wp\/v2\/media?parent=6721"}],"curies":[{"name":"wp","href":"https:\/\/api.w.org\/{rel}","templated":true}]}}