{"id":6719,"date":"2020-09-28T02:16:07","date_gmt":"2020-09-28T00:16:07","guid":{"rendered":"https:\/\/cienfuegos.fr\/?post_type=product&#038;p=6719"},"modified":"2020-09-28T02:16:07","modified_gmt":"2020-09-28T00:16:07","slug":"banco-a-la-sombra","status":"publish","type":"product","link":"https:\/\/cienfuegos.fr\/index.php\/product\/banco-a-la-sombra\/","title":{"rendered":"Banco a la sombra"},"content":{"rendered":"","protected":false},"excerpt":{"rendered":"<p>Autor: Moreno, Mar\u00eda<br \/>\nEditorial: Random House<br \/>\nA\u00f1o de publicaci\u00f3n:<br \/>\nN\u00famero de p\u00e1ginas:<br \/>\nI.S.B.N:<\/p>\n<p>Una exploraci\u00f3n de la plaza como lugar universal de diversidad y reflexi\u00f3n de la mano de Mar\u00eda Moreno, una de las cronistas m\u00e1s originales de la actualidad. La plaza suele ser la posada al aire libre del viajero, el espacio para detener el paso o replegarse ante el v\u00e9rtigo del turismo exacerbado. Para Mar\u00eda Moreno, una plaza tambi\u00e9n puede transformarse en el lugar donde los monumentos funerarios exhiben impresionantes erecciones, las boas abrazan hasta la asfixia y las palomas atacan en pandilla, como los compromisos pol\u00edticos de la juventud o los amores si todav\u00eda habitan en los alrededores. Entre la cr\u00f3nica y la ficci\u00f3n, Banco a la sombra es un conjunto de magn\u00edficas exploraciones acerca de estos lugares de paso y descanso -sus ambientes, los p\u00e1jaros que las sobrevuelan, las estatuas, los jardines y los comportamientos de la gente-, y tambi\u00e9n una aguda inspecci\u00f3n sobre los trazos del pasado que se adivinan en sus esquinas. \u00abSomos muchos los que consideramos a Mar\u00eda Moreno la mejor cronista argentina de todos los tiempos y una de las voces documentales m\u00e1s l\u00facidas de la lengua. \u00bb Jorge Carri\u00f3n, The New York Times \u00abMar\u00eda Moreno es uno de los mejores narradores argentinos actuales. Tal vez el mejor. \u00bb Ricardo Piglia \u00abTransgrede los g\u00e9neros literarios [. . . ] Elimina las fronteras en un proyecto que lee los desechos de la cultura sin juzgar, cambi\u00e1ndoles el signo, liberando su lectura, ampliando sentidos en una actitud cr\u00edtica y libertaria. \u00bb Jurado del Premio Iberoamericano Manuel Rojas 2019 \u00abMar\u00eda Moreno piensa cr\u00edtica y anal\u00edticamente, es ir\u00f3nica y su humor, \u00e1cido e inteligente. \u00bb Laura Cardona, La Naci\u00f3n \u00abLa verdad de Moreno es una norma de estilo, de un gran estilo plebeyo. \u00bb Carlos Pardo, Babelia.<\/p>\n","protected":false},"featured_media":6423,"comment_status":"open","ping_status":"closed","template":"","meta":[],"class_list":{"0":"post-6719","1":"product","2":"type-product","3":"status-publish","4":"has-post-thumbnail","6":"product_cat-narrativa","7":"post","9":"first","10":"instock","11":"taxable","12":"shipping-taxable","13":"purchasable","14":"product-type-simple"},"_links":{"self":[{"href":"https:\/\/cienfuegos.fr\/index.php\/wp-json\/wp\/v2\/product\/6719","targetHints":{"allow":["GET"]}}],"collection":[{"href":"https:\/\/cienfuegos.fr\/index.php\/wp-json\/wp\/v2\/product"}],"about":[{"href":"https:\/\/cienfuegos.fr\/index.php\/wp-json\/wp\/v2\/types\/product"}],"replies":[{"embeddable":true,"href":"https:\/\/cienfuegos.fr\/index.php\/wp-json\/wp\/v2\/comments?post=6719"}],"wp:featuredmedia":[{"embeddable":true,"href":"https:\/\/cienfuegos.fr\/index.php\/wp-json\/wp\/v2\/media\/6423"}],"wp:attachment":[{"href":"https:\/\/cienfuegos.fr\/index.php\/wp-json\/wp\/v2\/media?parent=6719"}],"curies":[{"name":"wp","href":"https:\/\/api.w.org\/{rel}","templated":true}]}}