{"id":6717,"date":"2020-09-28T02:14:25","date_gmt":"2020-09-28T00:14:25","guid":{"rendered":"https:\/\/cienfuegos.fr\/?post_type=product&#038;p=6717"},"modified":"2020-12-17T22:31:29","modified_gmt":"2020-12-17T21:31:29","slug":"ahi-les-dejo-esos-fierros","status":"publish","type":"product","link":"https:\/\/cienfuegos.fr\/index.php\/product\/ahi-les-dejo-esos-fierros\/","title":{"rendered":"Ah\u00ed les dejo esos fierros"},"content":{"rendered":"","protected":false},"excerpt":{"rendered":"<p>Autor: Molano, Alfredo<br \/>\nEditorial: De bolsillo<br \/>\nA\u00f1o de publicaci\u00f3n:<br \/>\nN\u00famero de p\u00e1ginas:<br \/>\nI.S.B.N:<\/p>\n<p>Seis historias de vida desgarradoras. 223 p\u00e1ginas. 24 x 15. Tapa blanda de editorial ilustrada con solapas. Perfecto estado de conservaci\u00f3n. ISBN: 9789587048780. Joaqu\u00edn Arango R. Leer la historia colombiana es caminar sobre los pasos de una sombra. El llamado nuevo periodismo son narraciones que se balancean entre historia, periodismo y literatura. En las cr\u00f3nicas de Alfredo Molano existe ese equilibrio que no es f\u00e1cil de lograr. En el texto, Ah\u00ed les dejo estos fierros, por ejemplo, el entramado de las historias se teje a trav\u00e9s de los personajes y sus transformaciones personales, sociales y pol\u00edticas. Ellos son la imagen que refleja el estado social y emocional de los colombianos. El libro est\u00e1 compuesto por seis cr\u00f3nicas que narran las vivencias de los protagonistas reales de la historia colombiana de los \u00faltimos 25 a\u00f1os. Estas historia desentra\u00f1an el alma del pa\u00eds, su complejidad. Los personajes nos cuentan c\u00f3mo se pierden principios. Si hoy son de un bando, ma\u00f1ana amanecen en otro, donde m\u00e1s les convenga. Nuestra guerra es tan compleja y han sido tantas derrotas al intentar una transformaci\u00f3n, que cambiar de objeto sexual, de ser una mujer y luego convertirse en lesbiana, despu\u00e9s de tantos caminos recorridos, es otra opci\u00f3n de vida. Despu\u00e9s de leer estas historias, lo que nos queda es la b\u00fasqueda de nuestros sentimientos en medio de las sombras porque lo \u00fanico que no nos derrotan es el amor.<\/p>\n","protected":false},"featured_media":6422,"comment_status":"open","ping_status":"closed","template":"","meta":[],"class_list":{"0":"post-6717","1":"product","2":"type-product","3":"status-publish","4":"has-post-thumbnail","6":"product_cat-narrativa","7":"post","9":"first","10":"outofstock","11":"taxable","12":"shipping-taxable","13":"purchasable","14":"product-type-simple"},"_links":{"self":[{"href":"https:\/\/cienfuegos.fr\/index.php\/wp-json\/wp\/v2\/product\/6717","targetHints":{"allow":["GET"]}}],"collection":[{"href":"https:\/\/cienfuegos.fr\/index.php\/wp-json\/wp\/v2\/product"}],"about":[{"href":"https:\/\/cienfuegos.fr\/index.php\/wp-json\/wp\/v2\/types\/product"}],"replies":[{"embeddable":true,"href":"https:\/\/cienfuegos.fr\/index.php\/wp-json\/wp\/v2\/comments?post=6717"}],"wp:featuredmedia":[{"embeddable":true,"href":"https:\/\/cienfuegos.fr\/index.php\/wp-json\/wp\/v2\/media\/6422"}],"wp:attachment":[{"href":"https:\/\/cienfuegos.fr\/index.php\/wp-json\/wp\/v2\/media?parent=6717"}],"curies":[{"name":"wp","href":"https:\/\/api.w.org\/{rel}","templated":true}]}}