{"id":6631,"date":"2020-09-28T00:34:23","date_gmt":"2020-09-27T22:34:23","guid":{"rendered":"https:\/\/cienfuegos.fr\/?post_type=product&#038;p=6631"},"modified":"2020-11-03T15:47:18","modified_gmt":"2020-11-03T14:47:18","slug":"tierra-de-nadie","status":"publish","type":"product","link":"https:\/\/cienfuegos.fr\/index.php\/product\/tierra-de-nadie\/","title":{"rendered":"Tierra de nadie"},"content":{"rendered":"","protected":false},"excerpt":{"rendered":"<p>Autor: Onetti, Juan Carlos<br \/>\nEditorial:<br \/>\nA\u00f1o de publicaci\u00f3n:<br \/>\nN\u00famero de p\u00e1ginas:<br \/>\nI.S.B.N:<\/p>\n<p>Un grupo de marginados, cuyo \u00fanico deseo es huir de una capital rioplatense desgastada y sucia que ya no los atrae, divaga en torno a una isla polinesia, Faruru, que es el \u00fanico lugar del mundo en el que se puede no hacer nada sin hacerle mal a nadie y sin que nadie se interese. Un para\u00edso para los sue\u00f1os que acaba sucumbiendo ante la cruda realidad. El impacto de la Segunda Guerra Mundial y los conflictos pol\u00edticos en Argentina alimentan esta novela de Onetti, que anticipa personajes y espacios imaginarios que poblar\u00e1n sus obras posteriores. [Uruguay ; Lit. Latinoamer. S. XX]. 180 Gramm.<\/p>\n","protected":false},"featured_media":6387,"comment_status":"open","ping_status":"closed","template":"","meta":[],"class_list":{"0":"post-6631","1":"product","2":"type-product","3":"status-publish","4":"has-post-thumbnail","6":"product_cat-narrativa","7":"post","9":"first","10":"outofstock","11":"taxable","12":"shipping-taxable","13":"purchasable","14":"product-type-simple"},"_links":{"self":[{"href":"https:\/\/cienfuegos.fr\/index.php\/wp-json\/wp\/v2\/product\/6631","targetHints":{"allow":["GET"]}}],"collection":[{"href":"https:\/\/cienfuegos.fr\/index.php\/wp-json\/wp\/v2\/product"}],"about":[{"href":"https:\/\/cienfuegos.fr\/index.php\/wp-json\/wp\/v2\/types\/product"}],"replies":[{"embeddable":true,"href":"https:\/\/cienfuegos.fr\/index.php\/wp-json\/wp\/v2\/comments?post=6631"}],"wp:featuredmedia":[{"embeddable":true,"href":"https:\/\/cienfuegos.fr\/index.php\/wp-json\/wp\/v2\/media\/6387"}],"wp:attachment":[{"href":"https:\/\/cienfuegos.fr\/index.php\/wp-json\/wp\/v2\/media?parent=6631"}],"curies":[{"name":"wp","href":"https:\/\/api.w.org\/{rel}","templated":true}]}}