{"id":6624,"date":"2020-09-28T00:26:10","date_gmt":"2020-09-27T22:26:10","guid":{"rendered":"https:\/\/cienfuegos.fr\/?post_type=product&#038;p=6624"},"modified":"2020-10-08T17:38:55","modified_gmt":"2020-10-08T15:38:55","slug":"el-vino-de-la-soledad","status":"publish","type":"product","link":"https:\/\/cienfuegos.fr\/index.php\/product\/el-vino-de-la-soledad\/","title":{"rendered":"El vino de la soledad"},"content":{"rendered":"","protected":false},"excerpt":{"rendered":"<p>Autor: Nemirovsky, Irene<br \/>\nEditorial:<br \/>\nA\u00f1o de publicaci\u00f3n:<br \/>\nN\u00famero de p\u00e1ginas:<br \/>\nI.S.B.N:<\/p>\n<p>La novela m\u00e1s personal y autobiogr\u00e1fica de Ir\u00e8ne N\u00e9mirovsky. El vino de la soledad (publicada en 1935) recrea el destino de una adinerada familia rusa refugiada en Par\u00eds, y describe la venganza de una joven contra su madre, motivo que la escritora ya hab\u00eda tratado en esa peque\u00f1a joya literaria que es El baile. Con una mirada inteligente y \u00e1cida, la novela sigue a la peque\u00f1a Elena de los ocho a\u00f1os a la mayor\u00eda de edad, desde Ucrania hasta San Petersburgo, Finlandia y finalmente Par\u00eds, donde la familia se instala tras el estallido de la revoluci\u00f3n rusa, en un recorrido paralelo al que realiz\u00f3 la propia N\u00e9mirovsky. La madre de Elena, una mujer bella y fr\u00edvola de origen noble, desprecia a su marido, un potentado jud\u00edo, y a su hija. Tras la muerte de la gobernanta, la vida de la ni\u00f1a se vuelve a\u00fan m\u00e1s dif\u00edcil, pues su madre instala en la casa a su amante, un primo quince a\u00f1os m\u00e1s joven que ella. No obstante, el tiempo convierte a Elena en una joven hermosa, y el d\u00eda que descubre que atrae al amante de su madre, comprende que ha llegado el momento de vengarse. La cr\u00edtica ha dicho.\u00abEl vino de la soledad es en parte novela y en parte fantas\u00eda autobiogr\u00e1fica, pero sobre todo es la denuncia de una madre que consiente que su hija adopte el papel de rival sexual.\u00bbJ. M. Coetzee, The New York Review of Books \u00abN\u00e9mirovsky es autora de una de las obras de ficci\u00f3n m\u00e1s grandes, humanas e incisivas que el conflicto ha originado.\u00bbThe New York Times Book Review \u00abNunca antes N\u00e9mirovsky hab\u00eda indagado tan a fondo en el dolor del mundo de la infancia como en esta novela, cuya protagonista, Elena Karol, es de hecho su doble, su \u00e1lter ego literario.\u00bbLa Repubblica \u00abN\u00e9mirovsky da lo mejor de s\u00ed en el retrato de la peque\u00f1a Elena [.]. El vino de la soledad no es una saga familiar, sino un ajuste de cuentas filial.\u00bbMarianne.<\/p>\n","protected":false},"featured_media":6384,"comment_status":"open","ping_status":"closed","template":"","meta":[],"class_list":{"0":"post-6624","1":"product","2":"type-product","3":"status-publish","4":"has-post-thumbnail","6":"product_cat-narrativa","7":"post","9":"first","10":"outofstock","11":"taxable","12":"shipping-taxable","13":"product-type-simple"},"_links":{"self":[{"href":"https:\/\/cienfuegos.fr\/index.php\/wp-json\/wp\/v2\/product\/6624","targetHints":{"allow":["GET"]}}],"collection":[{"href":"https:\/\/cienfuegos.fr\/index.php\/wp-json\/wp\/v2\/product"}],"about":[{"href":"https:\/\/cienfuegos.fr\/index.php\/wp-json\/wp\/v2\/types\/product"}],"replies":[{"embeddable":true,"href":"https:\/\/cienfuegos.fr\/index.php\/wp-json\/wp\/v2\/comments?post=6624"}],"wp:featuredmedia":[{"embeddable":true,"href":"https:\/\/cienfuegos.fr\/index.php\/wp-json\/wp\/v2\/media\/6384"}],"wp:attachment":[{"href":"https:\/\/cienfuegos.fr\/index.php\/wp-json\/wp\/v2\/media?parent=6624"}],"curies":[{"name":"wp","href":"https:\/\/api.w.org\/{rel}","templated":true}]}}