{"id":6612,"date":"2020-09-28T00:11:44","date_gmt":"2020-09-27T22:11:44","guid":{"rendered":"https:\/\/cienfuegos.fr\/?post_type=product&#038;p=6612"},"modified":"2020-09-28T00:11:44","modified_gmt":"2020-09-27T22:11:44","slug":"lord","status":"publish","type":"product","link":"https:\/\/cienfuegos.fr\/index.php\/product\/lord\/","title":{"rendered":"Lord"},"content":{"rendered":"","protected":false},"excerpt":{"rendered":"<p>Autor: Noll, Joao Gilberto<br \/>\nEditorial: Adriana Hidalgo<br \/>\nA\u00f1o de publicaci\u00f3n:<br \/>\nN\u00famero de p\u00e1ginas:<br \/>\nI.S.B.N:<\/p>\n<p>En esta asombrosa novela Jo\u00e3o Gilberto Noll lleva a su protagonista a Londres en un viaje cuyos motivos se pierden por el camino: desde su llegada al aeropuerto, la estad\u00eda brit\u00e1nica se convierte en un fin en s\u00ed mismo y la historia se centra en la extra\u00f1a y sorprendente mutaci\u00f3n del viajero, que comienza a vivir otra vida. La naturaleza radical de la metamorfosis que aqu\u00ed se narra coloca a este texto en la tradici\u00f3n de la literatura de Musil y de Beckett.<\/p>\n","protected":false},"featured_media":6379,"comment_status":"open","ping_status":"closed","template":"","meta":[],"class_list":{"0":"post-6612","1":"product","2":"type-product","3":"status-publish","4":"has-post-thumbnail","6":"product_cat-narrativa","7":"post","9":"first","10":"instock","11":"taxable","12":"shipping-taxable","13":"purchasable","14":"product-type-simple"},"_links":{"self":[{"href":"https:\/\/cienfuegos.fr\/index.php\/wp-json\/wp\/v2\/product\/6612","targetHints":{"allow":["GET"]}}],"collection":[{"href":"https:\/\/cienfuegos.fr\/index.php\/wp-json\/wp\/v2\/product"}],"about":[{"href":"https:\/\/cienfuegos.fr\/index.php\/wp-json\/wp\/v2\/types\/product"}],"replies":[{"embeddable":true,"href":"https:\/\/cienfuegos.fr\/index.php\/wp-json\/wp\/v2\/comments?post=6612"}],"wp:featuredmedia":[{"embeddable":true,"href":"https:\/\/cienfuegos.fr\/index.php\/wp-json\/wp\/v2\/media\/6379"}],"wp:attachment":[{"href":"https:\/\/cienfuegos.fr\/index.php\/wp-json\/wp\/v2\/media?parent=6612"}],"curies":[{"name":"wp","href":"https:\/\/api.w.org\/{rel}","templated":true}]}}