{"id":6610,"date":"2020-09-28T00:10:11","date_gmt":"2020-09-27T22:10:11","guid":{"rendered":"https:\/\/cienfuegos.fr\/?post_type=product&#038;p=6610"},"modified":"2020-09-28T00:10:12","modified_gmt":"2020-09-27T22:10:12","slug":"como-viajar-sin-ver","status":"publish","type":"product","link":"https:\/\/cienfuegos.fr\/index.php\/product\/como-viajar-sin-ver\/","title":{"rendered":"C\u00f3mo viajar sin ver"},"content":{"rendered":"","protected":false},"excerpt":{"rendered":"<p>Autor: Neuman, Andr\u00e9s<br \/>\nEditorial: Alfaguara<br \/>\nA\u00f1o de publicaci\u00f3n:<br \/>\nN\u00famero de p\u00e1ginas:<br \/>\nI.S.B.N:<\/p>\n<p>Un cruce entre la narrativa m\u00e1s actual y la cr\u00f3nica rel\u00e1mpago. Una visi\u00f3n literaria, al vuelo, de la geograf\u00eda entera de la lengua. Reflexionando sobre el escaso tiempo previsto para recorrer cada pa\u00eds con el Premio Alfaguara, el autor se pregunta si hoy nuestros viajes consisten sobre todo en no ver. \u00ab\u00bfEstar\u00e9 por experimentar una hip\u00e9rbole del turismo contempor\u00e1neo?\u00bb, escribe. Pero el ritmo radical de su periplo est\u00e1 a punto de brindarle una oportunidad \u00fanica: comparar todas las capitales latinoamericanas en una misma r\u00e1faga. Andr\u00e9s Neuman nos propone un recorrido vertiginoso por 19 pa\u00edses, interpretados por un ojo po\u00e9tico y pol\u00edtico. Los presuntos no-lugares (aeropuertos, hoteles, taxis) quedan as\u00ed convertidos en poderosos espacios de conflicto. Explorando con agudeza los dilemas de la identidad nacional y las contradicciones de la globalizaci\u00f3n, C\u00f3mo viajar sin ver es un diario innovador y divertido que experimenta con las formas de nuestro tiempo. Y que le toma el pulso a la vida cultural del continente, abordando no solamente a sus cl\u00e1sicos sino tambi\u00e9n a las nuevas generaciones de creadores. Un libro esencial para cualquier persona interesada en la historia, la actualidad y el futuro de Latinoam\u00e9rica. Una manera distinta de pensar nuestra cultura cambiante y el sentido del viaje. Cr\u00edticas:\u00abA partir de ahora, todo viajero curioso que recorra Latinoam\u00e9rica deber\u00eda llevar consigo este libro port\u00e1til, apasionante y verdadero, de alguien que sabe o\u00edr y mirar sin prejuicios, con la lucidez que le proporciona su visi\u00f3n generosa.\u00bb Fernando Valls, \u00cdnsula \u00abUna obra estupenda. [.] Una Am\u00e9rica tan compleja, tan variada [.] que el lector piensa que no hay ficci\u00f3n capaz de competir con una realidad que parece albergarla.\u00bbJos\u00e9 Mar\u00eda Pozuelo Yvancos, ABC \u00abEn El viajero del siglo, por el que ha recibido el Premio de la Cr\u00edtica, Neuman revisitaba la novela del siglo XIX, el viaje de ida; y del resultado de su gira ha nacido una narraci\u00f3n del XXI: una ant\u00edtesis, una cara B.\u00bbUlises Fuentes, La Raz\u00f3n \u00abUn libro de chispazos que no est\u00e1 edificado sobre la frivolidad o la brillantez visual, sino sobre la perspicacia de la mirada. Neuman tiene unas gafas que son s\u00f3lo suyas, y a trav\u00e9s de ellas miramos.\u00bbLuisg\u00e9 Mart\u00edn, Gente \u00abLos fogonazos de Neuman iluminan Latinoam\u00e9rica. El escritor radiograf\u00eda la diversidad del continente.\u00bbPaula Corroto, P\u00fablico \u00abSu aguda percepci\u00f3n se renueva en cada aterrizaje. Aflora la magia viajera del autor, la calidad de un escritor como Andr\u00e9s Neuman.\u00bbGabriel Cetkovich, Clar\u00edn (Argentina) \u00abUn conjunto de instant\u00e1neas divertidas, fugaces, conmovidas y conmovedoras, deslumbrantes destellos de una pluma privilegiada.\u00bbGuillermo Roz, Periodista Digital \u00abUna virtuosa demostraci\u00f3n de escritura al vuelo. Altamente observador, Neuman se concentra en cada instante y captura peque\u00f1os detalles que a otros escritores se les habr\u00edan escapado [.] Un vertiginoso retrato de Latinoam\u00e9rica en todas sus miserias y glorias.\u00bbKirkus Reviews (EE. UU.) \u00abNo se trata de una literatura de viajes convencional, y sin embargo el libro funciona. Eso es gracias al ojo de Neuman para el absurdo y la iron\u00eda. M\u00e1s importante a\u00fan es su talento para lo sucinto. Lugares y personas quedan capturados en una sola, atinada frase [.]. Pese a los kil\u00f3metros que recorre, se regocija en la quietud, ya que su gran pasi\u00f3n es la lectura.\u00bbOliver Balch, The Spectator (Reino Unido).<\/p>\n","protected":false},"featured_media":6378,"comment_status":"open","ping_status":"closed","template":"","meta":[],"class_list":{"0":"post-6610","1":"product","2":"type-product","3":"status-publish","4":"has-post-thumbnail","6":"product_cat-narrativa","7":"post","9":"first","10":"instock","11":"taxable","12":"shipping-taxable","13":"purchasable","14":"product-type-simple"},"_links":{"self":[{"href":"https:\/\/cienfuegos.fr\/index.php\/wp-json\/wp\/v2\/product\/6610","targetHints":{"allow":["GET"]}}],"collection":[{"href":"https:\/\/cienfuegos.fr\/index.php\/wp-json\/wp\/v2\/product"}],"about":[{"href":"https:\/\/cienfuegos.fr\/index.php\/wp-json\/wp\/v2\/types\/product"}],"replies":[{"embeddable":true,"href":"https:\/\/cienfuegos.fr\/index.php\/wp-json\/wp\/v2\/comments?post=6610"}],"wp:featuredmedia":[{"embeddable":true,"href":"https:\/\/cienfuegos.fr\/index.php\/wp-json\/wp\/v2\/media\/6378"}],"wp:attachment":[{"href":"https:\/\/cienfuegos.fr\/index.php\/wp-json\/wp\/v2\/media?parent=6610"}],"curies":[{"name":"wp","href":"https:\/\/api.w.org\/{rel}","templated":true}]}}