{"id":6507,"date":"2020-09-27T08:58:28","date_gmt":"2020-09-27T06:58:28","guid":{"rendered":"https:\/\/cienfuegos.fr\/?post_type=product&#038;p=6507"},"modified":"2020-09-27T08:58:28","modified_gmt":"2020-09-27T06:58:28","slug":"la-ultima-noche-de-dostoievski","status":"publish","type":"product","link":"https:\/\/cienfuegos.fr\/index.php\/product\/la-ultima-noche-de-dostoievski\/","title":{"rendered":"La \u00faltima noche de Dostoievski"},"content":{"rendered":"","protected":false},"excerpt":{"rendered":"<p>Autor: Peri Rossi, Cristina<br \/>\nEditorial: Grijalbo Mondadori<br \/>\nA\u00f1o de publicaci\u00f3n:<br \/>\nN\u00famero de p\u00e1ginas:<br \/>\nI.S.B.N:<\/p>\n<p>Llegando a los cuarenta, esa edad en la que \u00abtodo est\u00e1 permitido porque tambi\u00e9n, de alguna manera, todo est\u00e1 perdido\u00bb, el narrador, un desenga\u00f1ado periodista, se deja fascinar por el juego, sin por ello perder la lucidez. Las sesiones con una psicoanalista, un viaje a Baden-Baden, una noche con una jovencita llena de desparpajo y la seducci\u00f3n de una se\u00f1ora que conoce los barrotes de su jaula, le har\u00e1n comprender algunas cosas.<\/p>\n","protected":false},"featured_media":0,"comment_status":"open","ping_status":"closed","template":"","meta":[],"class_list":{"0":"post-6507","1":"product","2":"type-product","3":"status-publish","5":"product_cat-narrativa","6":"post","8":"first","9":"instock","10":"taxable","11":"shipping-taxable","12":"purchasable","13":"product-type-simple"},"_links":{"self":[{"href":"https:\/\/cienfuegos.fr\/index.php\/wp-json\/wp\/v2\/product\/6507","targetHints":{"allow":["GET"]}}],"collection":[{"href":"https:\/\/cienfuegos.fr\/index.php\/wp-json\/wp\/v2\/product"}],"about":[{"href":"https:\/\/cienfuegos.fr\/index.php\/wp-json\/wp\/v2\/types\/product"}],"replies":[{"embeddable":true,"href":"https:\/\/cienfuegos.fr\/index.php\/wp-json\/wp\/v2\/comments?post=6507"}],"wp:attachment":[{"href":"https:\/\/cienfuegos.fr\/index.php\/wp-json\/wp\/v2\/media?parent=6507"}],"curies":[{"name":"wp","href":"https:\/\/api.w.org\/{rel}","templated":true}]}}