{"id":6505,"date":"2020-09-27T08:56:27","date_gmt":"2020-09-27T06:56:27","guid":{"rendered":"https:\/\/cienfuegos.fr\/?post_type=product&#038;p=6505"},"modified":"2020-09-27T08:56:27","modified_gmt":"2020-09-27T06:56:27","slug":"una-temporada-con-marcel-proust","status":"publish","type":"product","link":"https:\/\/cienfuegos.fr\/index.php\/product\/una-temporada-con-marcel-proust\/","title":{"rendered":"Una temporada con Marcel Proust"},"content":{"rendered":"","protected":false},"excerpt":{"rendered":"<p>Autor: Peter, Ren\u00e9<br \/>\nEditorial:<br \/>\nA\u00f1o de publicaci\u00f3n:<br \/>\nN\u00famero de p\u00e1ginas:<br \/>\nI.S.B.N:<\/p>\n<p>Hasta que la nieta de Ren\u00e9 Peter encontr\u00f3, hace dos a\u00f1os, el presente texto, poco se sab\u00eda del Proust que, en el verano de 1906, se traslad\u00f3 a Versalles, sumido en la tristeza, el desamparo y la depresi\u00f3n en los que se hundi\u00f3 tras la muerte de su madre. Ren\u00e9 Peter y Proust se hab\u00edan conocido de ni\u00f1os y luego dejaron pr\u00e1cticamente de verse hasta que en 1904, a ra\u00edz del \u00e9xito obtenido por Peter como autor teatral, Proust le felicit\u00f3 y reanudaron su amistad. Los libros sobre Marcel Proust se venden siempre debido a los miles de lectores no s\u00f3lo de su obra capital, En busca del tiempo perdido, sino de todo tipo de biograf\u00edas y textos a \u00e9l referidos. Es un libro corto, delicioso, que resucita la atm\u00f3sfera fr\u00edvola y encantadora de 1906, abruptamente truncada por el estallido de la guerra. No es un ensayo sobre la obra de Marcel Proust sino un libro de recuerdos sobre \u00e9l.<\/p>\n","protected":false},"featured_media":6240,"comment_status":"open","ping_status":"closed","template":"","meta":[],"class_list":{"0":"post-6505","1":"product","2":"type-product","3":"status-publish","4":"has-post-thumbnail","6":"product_cat-narrativa","7":"post","9":"first","10":"instock","11":"taxable","12":"shipping-taxable","13":"purchasable","14":"product-type-simple"},"_links":{"self":[{"href":"https:\/\/cienfuegos.fr\/index.php\/wp-json\/wp\/v2\/product\/6505","targetHints":{"allow":["GET"]}}],"collection":[{"href":"https:\/\/cienfuegos.fr\/index.php\/wp-json\/wp\/v2\/product"}],"about":[{"href":"https:\/\/cienfuegos.fr\/index.php\/wp-json\/wp\/v2\/types\/product"}],"replies":[{"embeddable":true,"href":"https:\/\/cienfuegos.fr\/index.php\/wp-json\/wp\/v2\/comments?post=6505"}],"wp:featuredmedia":[{"embeddable":true,"href":"https:\/\/cienfuegos.fr\/index.php\/wp-json\/wp\/v2\/media\/6240"}],"wp:attachment":[{"href":"https:\/\/cienfuegos.fr\/index.php\/wp-json\/wp\/v2\/media?parent=6505"}],"curies":[{"name":"wp","href":"https:\/\/api.w.org\/{rel}","templated":true}]}}