{"id":6487,"date":"2020-09-27T08:20:55","date_gmt":"2020-09-27T06:20:55","guid":{"rendered":"https:\/\/cienfuegos.fr\/?post_type=product&#038;p=6487"},"modified":"2020-12-21T13:17:43","modified_gmt":"2020-12-21T12:17:43","slug":"cuentos-salvajes","status":"publish","type":"product","link":"https:\/\/cienfuegos.fr\/index.php\/product\/cuentos-salvajes\/","title":{"rendered":"Cuentos salvajes"},"content":{"rendered":"","protected":false},"excerpt":{"rendered":"<p>Autor: Quintero, Ednodio<br \/>\nEditorial: Atalanta<br \/>\nA\u00f1o de publicaci\u00f3n:<br \/>\nN\u00famero de p\u00e1ginas:<br \/>\nI.S.B.N:<\/p>\n<p>Nuevo. \u00abQuintero es uno de esos ?escritores de antes?, y es posible que, a la larga, haber estado tan alejado de los focos medi\u00e1ticos le haya beneficiado, porque le ha permitido acceder al ideal de ciertos narradores de raza: ser puro texto, ser estrictamente una literatura.\u00bb Enrique Vila-Matas \u00abLas historias de Ednodio Quintero est\u00e1n hechas de rodeos, planteamientos que vuelven sobre s\u00ed mismos, hasta llegar al sitio en donde sobreviene la revelaci\u00f3n.\u00bb Juan Villoro \u00abQuintero hace de la invenci\u00f3n y la escritura una necesidad. Nos ha ense\u00f1ado todas las cartas de la baraja y hemos sucumbido al encanto de su inteligencia.\u00bb Juan Antonio Masoliver R\u00f3denas, La Vanguardia Ednodio Quintero es uno de los narradores venezolanos de cuentos m\u00e1s celebrados de la \u00faltima mitad del siglo xx. Este libro re\u00fane en un solo volumen todos sus cuentos. Ednodio Quintero (Las Mesitas, Trujillo, Venezuela, 1947) ha recibido el reconocimiento de los premios m\u00e1s importantes de su pa\u00eds. Ha escrito libros de cuentos: La muerte viaja a caballo (1974), Volver\u00e9 con mis perros (1975), El agresor cotidiano (1978), La l\u00ednea de la vida (1988), Cabeza de cabra (1993), El combate (1995) y El coraz\u00f3n ajeno (2000); novelas: La bailarina de Kachgar (1991), El rey de las ratas (1994), El cielo de Ixtab (1995), Lecci\u00f3n de f\u00edsica (2000), Mariana y los comanches (2004), Confesiones de un perro muerto (2006), El hijo de Gengis Khan (2013) y El amor es m\u00e1s fr\u00edo que la muerte (2017); y ensayos: De narrativa y narradores (1996) y Visiones de un narrador (1997).<\/p>\n","protected":false},"featured_media":6232,"comment_status":"open","ping_status":"closed","template":"","meta":[],"class_list":{"0":"post-6487","1":"product","2":"type-product","3":"status-publish","4":"has-post-thumbnail","6":"product_cat-narrativa","7":"post","9":"first","10":"onbackorder","11":"taxable","12":"shipping-taxable","13":"purchasable","14":"product-type-simple"},"_links":{"self":[{"href":"https:\/\/cienfuegos.fr\/index.php\/wp-json\/wp\/v2\/product\/6487","targetHints":{"allow":["GET"]}}],"collection":[{"href":"https:\/\/cienfuegos.fr\/index.php\/wp-json\/wp\/v2\/product"}],"about":[{"href":"https:\/\/cienfuegos.fr\/index.php\/wp-json\/wp\/v2\/types\/product"}],"replies":[{"embeddable":true,"href":"https:\/\/cienfuegos.fr\/index.php\/wp-json\/wp\/v2\/comments?post=6487"}],"wp:featuredmedia":[{"embeddable":true,"href":"https:\/\/cienfuegos.fr\/index.php\/wp-json\/wp\/v2\/media\/6232"}],"wp:attachment":[{"href":"https:\/\/cienfuegos.fr\/index.php\/wp-json\/wp\/v2\/media?parent=6487"}],"curies":[{"name":"wp","href":"https:\/\/api.w.org\/{rel}","templated":true}]}}