{"id":6483,"date":"2020-09-27T08:09:54","date_gmt":"2020-09-27T06:09:54","guid":{"rendered":"https:\/\/cienfuegos.fr\/?post_type=product&#038;p=6483"},"modified":"2020-09-27T08:09:55","modified_gmt":"2020-09-27T06:09:55","slug":"ejercicios-de-estilo","status":"publish","type":"product","link":"https:\/\/cienfuegos.fr\/index.php\/product\/ejercicios-de-estilo\/","title":{"rendered":"Ejercicios de estilo"},"content":{"rendered":"","protected":false},"excerpt":{"rendered":"<p>Autor: Queneau, Raymond<br \/>\nEditorial: C\u00e1tedra<br \/>\nA\u00f1o de publicaci\u00f3n:<br \/>\nN\u00famero de p\u00e1ginas:<br \/>\nI.S.B.N:<\/p>\n<p>&#8216;Ejercicios de estilo&#8217; es todo un manifiesto en contra de la separaci\u00f3n tradicional entre teor\u00eda literaria y pr\u00e1ctica de escritura. A partir de la construcci\u00f3n de 99 variaciones sobre la an\u00e9cdota escandalosamente trivial que sirve de punto de partida, surge esta obra sorprendente que a\u00fana iron\u00eda, ingenio y sabidur\u00eda ret\u00f3rica.Raymond Queneau (1903-1976) forma parte de los autores franceses contempor\u00e1neos m\u00e1s imaginativos y vers\u00e1tiles. Creador de una extensa producci\u00f3n y fundador, junto a otras iniciativas, del grupo OULIPO (&#8216;Taller de literatura potencial&#8217;), no es f\u00e1cil encontrar en nuestro \u00e1mbito cultural escritores de talante tan sugestivo.La versi\u00f3n de Antonio Fern\u00e1ndez Ferrer, que autor tambi\u00e9n del estudio introductorio, supone un esforzado cent\u00e9simo &#8216;ejercicio de estilo&#8217;.<\/p>\n","protected":false},"featured_media":6230,"comment_status":"open","ping_status":"closed","template":"","meta":[],"class_list":{"0":"post-6483","1":"product","2":"type-product","3":"status-publish","4":"has-post-thumbnail","6":"product_cat-narrativa","7":"post","9":"first","10":"instock","11":"taxable","12":"shipping-taxable","13":"purchasable","14":"product-type-simple"},"_links":{"self":[{"href":"https:\/\/cienfuegos.fr\/index.php\/wp-json\/wp\/v2\/product\/6483","targetHints":{"allow":["GET"]}}],"collection":[{"href":"https:\/\/cienfuegos.fr\/index.php\/wp-json\/wp\/v2\/product"}],"about":[{"href":"https:\/\/cienfuegos.fr\/index.php\/wp-json\/wp\/v2\/types\/product"}],"replies":[{"embeddable":true,"href":"https:\/\/cienfuegos.fr\/index.php\/wp-json\/wp\/v2\/comments?post=6483"}],"wp:featuredmedia":[{"embeddable":true,"href":"https:\/\/cienfuegos.fr\/index.php\/wp-json\/wp\/v2\/media\/6230"}],"wp:attachment":[{"href":"https:\/\/cienfuegos.fr\/index.php\/wp-json\/wp\/v2\/media?parent=6483"}],"curies":[{"name":"wp","href":"https:\/\/api.w.org\/{rel}","templated":true}]}}