{"id":6463,"date":"2020-09-27T07:52:34","date_gmt":"2020-09-27T05:52:34","guid":{"rendered":"https:\/\/cienfuegos.fr\/?post_type=product&#038;p=6463"},"modified":"2020-09-27T07:52:34","modified_gmt":"2020-09-27T05:52:34","slug":"los-delitos-insignificantes","status":"publish","type":"product","link":"https:\/\/cienfuegos.fr\/index.php\/product\/los-delitos-insignificantes\/","title":{"rendered":"Los delitos insignificantes"},"content":{"rendered":"","protected":false},"excerpt":{"rendered":"<p>Autor: Pombo, Alvaro<br \/>\nEditorial: Anagrama<br \/>\nA\u00f1o de publicaci\u00f3n:<br \/>\nN\u00famero de p\u00e1ginas:<br \/>\nI.S.B.N:<\/p>\n<p>Los delitos insignificantes es la historia de la relaci\u00f3n entre Ortega, homosexual de mediana edad y escritor frustrado, con Quir\u00f3s, joven guapo y desenfadado que se encuentra en paro semivoluntario. Tras su encuentro fotuito narrado en tono festivo, que refleja la alegr\u00eda de los dos protagonistas por haber conocido a una persona \u00abdiferente\u00bb, y que cobra dimensiones histri\u00f3nicas con la presencia de la madre de Quir\u00f3s, una viuda en trance de segundas nupcias, cuyas apariciones en calidad de estrella invitada provocan inevitablemente la carcajada, la historia va ensombreci\u00e9ndose hasta que, en su \u00faltima parte, se precipita la acci\u00f3n, entra en escena el erotismo y todo desemboca en un tr\u00e1gico desenlace.<\/p>\n","protected":false},"featured_media":6220,"comment_status":"open","ping_status":"closed","template":"","meta":[],"class_list":{"0":"post-6463","1":"product","2":"type-product","3":"status-publish","4":"has-post-thumbnail","6":"product_cat-narrativa","7":"post","9":"first","10":"instock","11":"taxable","12":"shipping-taxable","13":"purchasable","14":"product-type-simple"},"_links":{"self":[{"href":"https:\/\/cienfuegos.fr\/index.php\/wp-json\/wp\/v2\/product\/6463","targetHints":{"allow":["GET"]}}],"collection":[{"href":"https:\/\/cienfuegos.fr\/index.php\/wp-json\/wp\/v2\/product"}],"about":[{"href":"https:\/\/cienfuegos.fr\/index.php\/wp-json\/wp\/v2\/types\/product"}],"replies":[{"embeddable":true,"href":"https:\/\/cienfuegos.fr\/index.php\/wp-json\/wp\/v2\/comments?post=6463"}],"wp:featuredmedia":[{"embeddable":true,"href":"https:\/\/cienfuegos.fr\/index.php\/wp-json\/wp\/v2\/media\/6220"}],"wp:attachment":[{"href":"https:\/\/cienfuegos.fr\/index.php\/wp-json\/wp\/v2\/media?parent=6463"}],"curies":[{"name":"wp","href":"https:\/\/api.w.org\/{rel}","templated":true}]}}