{"id":6461,"date":"2020-09-27T07:50:53","date_gmt":"2020-09-27T05:50:53","guid":{"rendered":"https:\/\/cienfuegos.fr\/?post_type=product&#038;p=6461"},"modified":"2020-09-27T07:50:54","modified_gmt":"2020-09-27T05:50:54","slug":"plop","status":"publish","type":"product","link":"https:\/\/cienfuegos.fr\/index.php\/product\/plop\/","title":{"rendered":"Plop"},"content":{"rendered":"","protected":false},"excerpt":{"rendered":"<p>Autor: Pinedo, Rafael<br \/>\nEditorial: Salto de p\u00e1gina<br \/>\nA\u00f1o de publicaci\u00f3n:<br \/>\nN\u00famero de p\u00e1ginas:<br \/>\nI.S.B.N:<\/p>\n<p>En un paisaje terminal, donde s\u00f3lo puede beberse el agua que cae del cielo, Plop, un ni\u00f1o parido en el barro, apela a una astucia at\u00e1vica para ascender hasta la jefatura de un f\u00e9rreo grupo de supervivientes. Al igual que los dem\u00e1s, el clan al que Plop pertenece ha reemplazado casi todos los tab\u00faes de nuestra civilizaci\u00f3n por otros igualmente estrictos. En su mundo no hay escritura y la sociedad tal como la conocemos no existe. El intrincado ascenso de Plop, jalonado de imaginaci\u00f3n, terquedad y atrocidades, parece reflejar lejanas par\u00e1bolas del poder, como si los hombres no pudieran repetirse. Pero solo lo parece. De un escenario informe surgen personajes ins\u00f3litos que no pueden sino inventar sus destinos. Lejos de los habituales temas de la tecnolog\u00eda moderna, Plop es ciencia rudimentaria.<\/p>\n","protected":false},"featured_media":6219,"comment_status":"open","ping_status":"closed","template":"","meta":[],"class_list":{"0":"post-6461","1":"product","2":"type-product","3":"status-publish","4":"has-post-thumbnail","6":"product_cat-narrativa","7":"post","9":"first","10":"instock","11":"taxable","12":"shipping-taxable","13":"purchasable","14":"product-type-simple"},"_links":{"self":[{"href":"https:\/\/cienfuegos.fr\/index.php\/wp-json\/wp\/v2\/product\/6461","targetHints":{"allow":["GET"]}}],"collection":[{"href":"https:\/\/cienfuegos.fr\/index.php\/wp-json\/wp\/v2\/product"}],"about":[{"href":"https:\/\/cienfuegos.fr\/index.php\/wp-json\/wp\/v2\/types\/product"}],"replies":[{"embeddable":true,"href":"https:\/\/cienfuegos.fr\/index.php\/wp-json\/wp\/v2\/comments?post=6461"}],"wp:featuredmedia":[{"embeddable":true,"href":"https:\/\/cienfuegos.fr\/index.php\/wp-json\/wp\/v2\/media\/6219"}],"wp:attachment":[{"href":"https:\/\/cienfuegos.fr\/index.php\/wp-json\/wp\/v2\/media?parent=6461"}],"curies":[{"name":"wp","href":"https:\/\/api.w.org\/{rel}","templated":true}]}}