{"id":6457,"date":"2020-09-27T07:48:08","date_gmt":"2020-09-27T05:48:08","guid":{"rendered":"https:\/\/cienfuegos.fr\/?post_type=product&#038;p=6457"},"modified":"2022-11-24T00:31:33","modified_gmt":"2022-11-23T23:31:33","slug":"que-comico-resultaba-cuando-era-un-muneco","status":"publish","type":"product","link":"https:\/\/cienfuegos.fr\/index.php\/product\/que-comico-resultaba-cuando-era-un-muneco\/","title":{"rendered":"Qu\u00e9 c\u00f3mico resultaba cuando era un mu\u00f1eco"},"content":{"rendered":"","protected":false},"excerpt":{"rendered":"<p>Autor: Piro, Guilleramo<br \/>\nEditorial: Godot<br \/>\nA\u00f1o de publicaci\u00f3n: 2016<br \/>\nN\u00famero de p\u00e1ginas:<br \/>\nI.S.B.N:<\/p>\n","protected":false},"featured_media":6217,"comment_status":"open","ping_status":"closed","template":"","meta":[],"class_list":{"0":"post-6457","1":"product","2":"type-product","3":"status-publish","4":"has-post-thumbnail","6":"product_cat-narrativa","7":"post","9":"first","10":"instock","11":"taxable","12":"shipping-taxable","13":"purchasable","14":"product-type-simple"},"_links":{"self":[{"href":"https:\/\/cienfuegos.fr\/index.php\/wp-json\/wp\/v2\/product\/6457","targetHints":{"allow":["GET"]}}],"collection":[{"href":"https:\/\/cienfuegos.fr\/index.php\/wp-json\/wp\/v2\/product"}],"about":[{"href":"https:\/\/cienfuegos.fr\/index.php\/wp-json\/wp\/v2\/types\/product"}],"replies":[{"embeddable":true,"href":"https:\/\/cienfuegos.fr\/index.php\/wp-json\/wp\/v2\/comments?post=6457"}],"wp:featuredmedia":[{"embeddable":true,"href":"https:\/\/cienfuegos.fr\/index.php\/wp-json\/wp\/v2\/media\/6217"}],"wp:attachment":[{"href":"https:\/\/cienfuegos.fr\/index.php\/wp-json\/wp\/v2\/media?parent=6457"}],"curies":[{"name":"wp","href":"https:\/\/api.w.org\/{rel}","templated":true}]}}