{"id":6455,"date":"2020-09-27T07:46:52","date_gmt":"2020-09-27T05:46:52","guid":{"rendered":"https:\/\/cienfuegos.fr\/?post_type=product&#038;p=6455"},"modified":"2020-09-27T07:46:52","modified_gmt":"2020-09-27T05:46:52","slug":"la-carne-de-rene","status":"publish","type":"product","link":"https:\/\/cienfuegos.fr\/index.php\/product\/la-carne-de-rene\/","title":{"rendered":"La carne de Ren\u00e9"},"content":{"rendered":"","protected":false},"excerpt":{"rendered":"<p>Autor: Pi\u00f1era, Virgilio<br \/>\nEditorial: Blatt &amp; R\u00edos<br \/>\nA\u00f1o de publicaci\u00f3n:<br \/>\nN\u00famero de p\u00e1ginas:<br \/>\nI.S.B.N:<\/p>\n<p>Nuevo. Pr\u00f3logo de Ariel Schettini. 20 x 14 cm.; 256 pp. \u00abEs imposible pensar la obra de Virgilio Pi\u00f1era sin referir ese evento decisivo en su prosa y en su poes\u00eda que es su encuentro en Buenos Aires con Witold Gombrowicz, del cual la cr\u00edtica ha dado suficiente cuenta y que es tambi\u00e9n un episodio fascinante e hipn\u00f3tico de la historia de la literatura latinoamericana. Y lo es por multiplicar los efectos de excentricidad y exotismo de la literatura latinoamericana hasta llevarla a un punto de no retorno. (.) Si Pi\u00f1era ocup\u00f3 un lugar marginal, que siempre ser\u00e1 marginal, que no tiene redenci\u00f3n posible, en la cultura latinoamericana, es porque llev\u00f3 toda reflexi\u00f3n hasta el l\u00edmite de lo impronunciable, de lo imposible de escuchar, ver, o pensar. Para eso tambi\u00e9n necesitaba escribir una novela como La carne de Ren\u00e9. Porque escribir y leer novelas es, siempre, una forma de cambiar de tema\u00bb. -Del Pr\u00f3logo de Ariel Schettini &#8211; La carne de Ren\u00e9 pertenece, como otras dos novelas cubanas importantes, Paradiso y El siglo de las luces, al ilustre linaje de las denominadas novelas de formaci\u00f3n o aprendizaje. Novelas en las que se narra la historia de un joven adolescente y su progresivo conocimiento del valor de la vida y el mundo: familia, escuela, amistades, sexo, relaciones intelectuales. -Ant\u00f3n Arrufat.<\/p>\n","protected":false},"featured_media":6216,"comment_status":"open","ping_status":"closed","template":"","meta":[],"class_list":{"0":"post-6455","1":"product","2":"type-product","3":"status-publish","4":"has-post-thumbnail","6":"product_cat-narrativa","7":"post","9":"first","10":"instock","11":"taxable","12":"shipping-taxable","13":"purchasable","14":"product-type-simple"},"_links":{"self":[{"href":"https:\/\/cienfuegos.fr\/index.php\/wp-json\/wp\/v2\/product\/6455","targetHints":{"allow":["GET"]}}],"collection":[{"href":"https:\/\/cienfuegos.fr\/index.php\/wp-json\/wp\/v2\/product"}],"about":[{"href":"https:\/\/cienfuegos.fr\/index.php\/wp-json\/wp\/v2\/types\/product"}],"replies":[{"embeddable":true,"href":"https:\/\/cienfuegos.fr\/index.php\/wp-json\/wp\/v2\/comments?post=6455"}],"wp:featuredmedia":[{"embeddable":true,"href":"https:\/\/cienfuegos.fr\/index.php\/wp-json\/wp\/v2\/media\/6216"}],"wp:attachment":[{"href":"https:\/\/cienfuegos.fr\/index.php\/wp-json\/wp\/v2\/media?parent=6455"}],"curies":[{"name":"wp","href":"https:\/\/api.w.org\/{rel}","templated":true}]}}