{"id":6447,"date":"2020-09-27T07:39:42","date_gmt":"2020-09-27T05:39:42","guid":{"rendered":"https:\/\/cienfuegos.fr\/?post_type=product&#038;p=6447"},"modified":"2020-11-02T14:33:58","modified_gmt":"2020-11-02T13:33:58","slug":"los-diarios-de-emilio-renzi","status":"publish","type":"product","link":"https:\/\/cienfuegos.fr\/index.php\/product\/los-diarios-de-emilio-renzi\/","title":{"rendered":"Los diarios de Emilio Renzi"},"content":{"rendered":"","protected":false},"excerpt":{"rendered":"<p>Autor: Piglia, Ricardo<br \/>\nEditorial: De bolsillo<br \/>\nA\u00f1o de publicaci\u00f3n:<br \/>\nN\u00famero de p\u00e1ginas:<br \/>\nI.S.B.N:<\/p>\n<p>Los tres libros que forman Diarios de Emilio Renzi reunidos en un \u00fanico volumen. La presente edici\u00f3n re\u00fane los tres vol\u00famenes que conforman los diarios de Piglia, escritos entre 1957 y 2015, y firmados bajo el nombre de Emilio Renzi. Este es un personaje recurrente en la obra de Piglia, donde aparece como su alter ego y cuyo juego surge a ra\u00edz de su supuesto nombre completo, REPR. En el primer libro, A\u00f1os de formaci\u00f3n, nos descubre un joven cin\u00e9filo y \u00e1vido de lecturas que se pregunta c\u00f3mo llega uno a convertirse en escritor. En Los a\u00f1os felices, en cambio, asistimos al desarrollo de su carrera literaria y universitaria. Finalmente, en Un d\u00eda en la vida, publicado p\u00f3stumamente, asoma la enfermedad, al mismo tiempo que mantiene el hilo conductor de la literatura y la escritura. Rese\u00f1a:<br \/>\n\u00abSon estos los diarios de un Piglia l\u00facido hasta el final, a la vez curioso y desapegado, empe\u00f1ado en entender c\u00f3mo va a narrarse el mundo.\u00bb<\/p>\n","protected":false},"featured_media":0,"comment_status":"open","ping_status":"closed","template":"","meta":[],"class_list":{"0":"post-6447","1":"product","2":"type-product","3":"status-publish","5":"product_cat-narrativa","6":"post","8":"first","9":"onbackorder","10":"taxable","11":"shipping-taxable","12":"purchasable","13":"product-type-simple"},"_links":{"self":[{"href":"https:\/\/cienfuegos.fr\/index.php\/wp-json\/wp\/v2\/product\/6447","targetHints":{"allow":["GET"]}}],"collection":[{"href":"https:\/\/cienfuegos.fr\/index.php\/wp-json\/wp\/v2\/product"}],"about":[{"href":"https:\/\/cienfuegos.fr\/index.php\/wp-json\/wp\/v2\/types\/product"}],"replies":[{"embeddable":true,"href":"https:\/\/cienfuegos.fr\/index.php\/wp-json\/wp\/v2\/comments?post=6447"}],"wp:attachment":[{"href":"https:\/\/cienfuegos.fr\/index.php\/wp-json\/wp\/v2\/media?parent=6447"}],"curies":[{"name":"wp","href":"https:\/\/api.w.org\/{rel}","templated":true}]}}