{"id":6445,"date":"2020-09-27T07:37:49","date_gmt":"2020-09-27T05:37:49","guid":{"rendered":"https:\/\/cienfuegos.fr\/?post_type=product&#038;p=6445"},"modified":"2020-09-27T07:37:49","modified_gmt":"2020-09-27T05:37:49","slug":"escritores-norteamericanos","status":"publish","type":"product","link":"https:\/\/cienfuegos.fr\/index.php\/product\/escritores-norteamericanos\/","title":{"rendered":"Escritores norteamericanos"},"content":{"rendered":"","protected":false},"excerpt":{"rendered":"<p>Autor: Piglia, Ricardo<br \/>\nEditorial: Universidad Diego Portales<br \/>\nA\u00f1o de publicaci\u00f3n:<br \/>\nN\u00famero de p\u00e1ginas:<br \/>\nI.S.B.N:<\/p>\n<p>Escritores norteamericanos est\u00e1 compuesto de textos breves, norteamericanos donde el ensayo literario se convierte en una narraci\u00f3n pura gracias a la brevedad y la compresi\u00f3n. As\u00ed, estas microbiograf\u00edas pues as\u00ed las llama son postales enviadas desde el centro de una biblioteca, al modo de apuntes, de una Norteam\u00e9rica que existe para Piglia como un paisaje sentimental, como un pa\u00eds que solo puede ser narrado desde la ficci\u00f3n. Piglia escribe estas biograf\u00edas trazando una colecci\u00f3n de vidas suspendidas en el aire, tratando de armar alguna clase de diagrama, de sistema. Es su historia personal de la literatura norteamericana, con una lista tan exhaustiva como tambi\u00e9n insoslayable: Ring Larder, Sherwood Anderson, Thomas Wolfe, William Faulkner, Francis Scott Fitzgerald, Ernest Hemingway, Erskine Caldwell, Nelson Algren, Truman Capote, James Purdy, John Updike, James Baldwin. \u00c1LVARO BISAMA Me he dado cuenta de que escribiendo sobre los escritores norteamericanos he definido o entrevisto por medio de ellos mis propias vidas . RICARDO PIGLIA<\/p>\n","protected":false},"featured_media":6212,"comment_status":"open","ping_status":"closed","template":"","meta":[],"class_list":{"0":"post-6445","1":"product","2":"type-product","3":"status-publish","4":"has-post-thumbnail","6":"product_cat-narrativa","7":"post","9":"first","10":"instock","11":"taxable","12":"shipping-taxable","13":"purchasable","14":"product-type-simple"},"_links":{"self":[{"href":"https:\/\/cienfuegos.fr\/index.php\/wp-json\/wp\/v2\/product\/6445","targetHints":{"allow":["GET"]}}],"collection":[{"href":"https:\/\/cienfuegos.fr\/index.php\/wp-json\/wp\/v2\/product"}],"about":[{"href":"https:\/\/cienfuegos.fr\/index.php\/wp-json\/wp\/v2\/types\/product"}],"replies":[{"embeddable":true,"href":"https:\/\/cienfuegos.fr\/index.php\/wp-json\/wp\/v2\/comments?post=6445"}],"wp:featuredmedia":[{"embeddable":true,"href":"https:\/\/cienfuegos.fr\/index.php\/wp-json\/wp\/v2\/media\/6212"}],"wp:attachment":[{"href":"https:\/\/cienfuegos.fr\/index.php\/wp-json\/wp\/v2\/media?parent=6445"}],"curies":[{"name":"wp","href":"https:\/\/api.w.org\/{rel}","templated":true}]}}