{"id":6318,"date":"2020-09-25T07:47:13","date_gmt":"2020-09-25T05:47:13","guid":{"rendered":"https:\/\/cienfuegos.fr\/?post_type=product&#038;p=6318"},"modified":"2020-09-25T07:47:13","modified_gmt":"2020-09-25T05:47:13","slug":"obras-esenciales-ii","status":"publish","type":"product","link":"https:\/\/cienfuegos.fr\/index.php\/product\/obras-esenciales-ii\/","title":{"rendered":"Obras esenciales II"},"content":{"rendered":"","protected":false},"excerpt":{"rendered":"<p>Autor: Apollinaire, Guillaume<br \/>\nEditorial: Pontificia Universidad Cat\u00f3lica<br \/>\nA\u00f1o de publicaci\u00f3n: 2008<br \/>\nN\u00famero de p\u00e1ginas: 560<br \/>\nI.S.B.N:<\/p>\n<p>Traducci\u00f3n y pr\u00f3logo de Rub\u00e9n Silva Pretel. Incluye \u00abY yo tambi\u00e9n soy pintor\u00bb, \u00abPablo Picasso\u00bb, \u00abVitam impendere amori\u00bb, \u00abLas tetas de Tiresas\u00bb. Bilingue.<\/p>\n","protected":false},"featured_media":6059,"comment_status":"open","ping_status":"closed","template":"","meta":[],"class_list":{"0":"post-6318","1":"product","2":"type-product","3":"status-publish","4":"has-post-thumbnail","6":"product_cat-poesia","7":"post","9":"first","10":"instock","11":"taxable","12":"shipping-taxable","13":"purchasable","14":"product-type-simple"},"_links":{"self":[{"href":"https:\/\/cienfuegos.fr\/index.php\/wp-json\/wp\/v2\/product\/6318","targetHints":{"allow":["GET"]}}],"collection":[{"href":"https:\/\/cienfuegos.fr\/index.php\/wp-json\/wp\/v2\/product"}],"about":[{"href":"https:\/\/cienfuegos.fr\/index.php\/wp-json\/wp\/v2\/types\/product"}],"replies":[{"embeddable":true,"href":"https:\/\/cienfuegos.fr\/index.php\/wp-json\/wp\/v2\/comments?post=6318"}],"wp:featuredmedia":[{"embeddable":true,"href":"https:\/\/cienfuegos.fr\/index.php\/wp-json\/wp\/v2\/media\/6059"}],"wp:attachment":[{"href":"https:\/\/cienfuegos.fr\/index.php\/wp-json\/wp\/v2\/media?parent=6318"}],"curies":[{"name":"wp","href":"https:\/\/api.w.org\/{rel}","templated":true}]}}