{"id":6310,"date":"2020-09-25T07:38:18","date_gmt":"2020-09-25T05:38:18","guid":{"rendered":"https:\/\/cienfuegos.fr\/?post_type=product&#038;p=6310"},"modified":"2020-09-25T07:38:19","modified_gmt":"2020-09-25T05:38:19","slug":"el-salvador-en-armas","status":"publish","type":"product","link":"https:\/\/cienfuegos.fr\/index.php\/product\/el-salvador-en-armas\/","title":{"rendered":"El salvador en armas"},"content":{"rendered":"","protected":false},"excerpt":{"rendered":"<p>Autor: AAVV<br \/>\nEditorial: Casa de las Am\u00e9ricas<br \/>\nA\u00f1o de publicaci\u00f3n: 1984<br \/>\nN\u00famero de p\u00e1ginas:<br \/>\nI.S.B.N:<\/p>\n<p>Casa de las Am\u00e9ricas, La Habana, 1984. R\u00fastica. Condici\u00f3n: Buen estado. Col. La Honda. 193 pp. Hojas oscurecidas.- Verdadero canto de solidaridad en la lucha resulta este grupo de poemas que presentamos bajo el t\u00edtulo El Salvador en armas. Expresi\u00f3n fecunda del verbo, los poetas aqu\u00ed reunidos -europeos y latinoamericanos- cantan al amor y a la unidad, a la defensa y el coraje de un pueblo hermano que paso a paso, golpe a golpe, va conquistando su derecho a la raz\u00f3n y a la justicia, su derecho a regir por s\u00ed mismo el destino de sus hijos. Canto doblemente significativo por lo que tiene de j\u00fabilo y tristeza. Porque hay j\u00fabilo en la lucha victoriosa; porque hay tristeza cuando se desangran los mejores hijos de la patria. La poes\u00eda es aqu\u00ed aliento y fraternidad, la poes\u00eda, es, una vez m\u00e1s, arma eficaz de la Revoluci\u00f3n.<\/p>\n","protected":false},"featured_media":6055,"comment_status":"open","ping_status":"closed","template":"","meta":[],"class_list":{"0":"post-6310","1":"product","2":"type-product","3":"status-publish","4":"has-post-thumbnail","6":"product_cat-poesia","7":"post","9":"first","10":"instock","11":"taxable","12":"shipping-taxable","13":"purchasable","14":"product-type-simple"},"_links":{"self":[{"href":"https:\/\/cienfuegos.fr\/index.php\/wp-json\/wp\/v2\/product\/6310","targetHints":{"allow":["GET"]}}],"collection":[{"href":"https:\/\/cienfuegos.fr\/index.php\/wp-json\/wp\/v2\/product"}],"about":[{"href":"https:\/\/cienfuegos.fr\/index.php\/wp-json\/wp\/v2\/types\/product"}],"replies":[{"embeddable":true,"href":"https:\/\/cienfuegos.fr\/index.php\/wp-json\/wp\/v2\/comments?post=6310"}],"wp:featuredmedia":[{"embeddable":true,"href":"https:\/\/cienfuegos.fr\/index.php\/wp-json\/wp\/v2\/media\/6055"}],"wp:attachment":[{"href":"https:\/\/cienfuegos.fr\/index.php\/wp-json\/wp\/v2\/media?parent=6310"}],"curies":[{"name":"wp","href":"https:\/\/api.w.org\/{rel}","templated":true}]}}