{"id":6306,"date":"2020-09-25T07:34:43","date_gmt":"2020-09-25T05:34:43","guid":{"rendered":"https:\/\/cienfuegos.fr\/?post_type=product&#038;p=6306"},"modified":"2020-09-25T07:34:43","modified_gmt":"2020-09-25T05:34:43","slug":"tres-poetas-centroamericanos","status":"publish","type":"product","link":"https:\/\/cienfuegos.fr\/index.php\/product\/tres-poetas-centroamericanos\/","title":{"rendered":"Tres poetas centroamericanos"},"content":{"rendered":"","protected":false},"excerpt":{"rendered":"<p>Autor: Hern\u00e1ndez Novas, Hern\u00e1n (selecci\u00f3n)<br \/>\nEditorial: Casa de las Am\u00e9ricas<br \/>\nA\u00f1o de publicaci\u00f3n: 1987<br \/>\nN\u00famero de p\u00e1ginas:<br \/>\nI.S.B.N:<\/p>\n<p>Joaqu\u00edn Pasos, Otto Ra\u00fal Gonz\u00e1lez, Jorge Debravo.<\/p>\n","protected":false},"featured_media":6053,"comment_status":"open","ping_status":"closed","template":"","meta":[],"class_list":{"0":"post-6306","1":"product","2":"type-product","3":"status-publish","4":"has-post-thumbnail","6":"product_cat-poesia","7":"post","9":"first","10":"instock","11":"taxable","12":"shipping-taxable","13":"purchasable","14":"product-type-simple"},"_links":{"self":[{"href":"https:\/\/cienfuegos.fr\/index.php\/wp-json\/wp\/v2\/product\/6306","targetHints":{"allow":["GET"]}}],"collection":[{"href":"https:\/\/cienfuegos.fr\/index.php\/wp-json\/wp\/v2\/product"}],"about":[{"href":"https:\/\/cienfuegos.fr\/index.php\/wp-json\/wp\/v2\/types\/product"}],"replies":[{"embeddable":true,"href":"https:\/\/cienfuegos.fr\/index.php\/wp-json\/wp\/v2\/comments?post=6306"}],"wp:featuredmedia":[{"embeddable":true,"href":"https:\/\/cienfuegos.fr\/index.php\/wp-json\/wp\/v2\/media\/6053"}],"wp:attachment":[{"href":"https:\/\/cienfuegos.fr\/index.php\/wp-json\/wp\/v2\/media?parent=6306"}],"curies":[{"name":"wp","href":"https:\/\/api.w.org\/{rel}","templated":true}]}}