{"id":6300,"date":"2020-09-25T07:30:01","date_gmt":"2020-09-25T05:30:01","guid":{"rendered":"https:\/\/cienfuegos.fr\/?post_type=product&#038;p=6300"},"modified":"2020-09-25T07:30:01","modified_gmt":"2020-09-25T05:30:01","slug":"centrifugal-poesia-contemporanea-de-guadalajara-y-dublin","status":"publish","type":"product","link":"https:\/\/cienfuegos.fr\/index.php\/product\/centrifugal-poesia-contemporanea-de-guadalajara-y-dublin\/","title":{"rendered":"Centrifugal. Poes\u00eda contempor\u00e1nea de Guadalajara y Dubl\u00edn"},"content":{"rendered":"","protected":false},"excerpt":{"rendered":"<p>Autor: Ortu\u00f1o, Angel y Makris, Christodoulos (compiladores)<br \/>\nEditorial: Colecci\u00f3n Cielo abierto<br \/>\nA\u00f1o de publicaci\u00f3n: 2014<br \/>\nN\u00famero de p\u00e1ginas:<br \/>\nI.S.B.N:<\/p>\n","protected":false},"featured_media":6050,"comment_status":"open","ping_status":"closed","template":"","meta":[],"class_list":{"0":"post-6300","1":"product","2":"type-product","3":"status-publish","4":"has-post-thumbnail","6":"product_cat-poesia","7":"post","9":"first","10":"instock","11":"taxable","12":"shipping-taxable","13":"purchasable","14":"product-type-simple"},"_links":{"self":[{"href":"https:\/\/cienfuegos.fr\/index.php\/wp-json\/wp\/v2\/product\/6300","targetHints":{"allow":["GET"]}}],"collection":[{"href":"https:\/\/cienfuegos.fr\/index.php\/wp-json\/wp\/v2\/product"}],"about":[{"href":"https:\/\/cienfuegos.fr\/index.php\/wp-json\/wp\/v2\/types\/product"}],"replies":[{"embeddable":true,"href":"https:\/\/cienfuegos.fr\/index.php\/wp-json\/wp\/v2\/comments?post=6300"}],"wp:featuredmedia":[{"embeddable":true,"href":"https:\/\/cienfuegos.fr\/index.php\/wp-json\/wp\/v2\/media\/6050"}],"wp:attachment":[{"href":"https:\/\/cienfuegos.fr\/index.php\/wp-json\/wp\/v2\/media?parent=6300"}],"curies":[{"name":"wp","href":"https:\/\/api.w.org\/{rel}","templated":true}]}}