{"id":6298,"date":"2020-09-25T07:28:35","date_gmt":"2020-09-25T05:28:35","guid":{"rendered":"https:\/\/cienfuegos.fr\/?post_type=product&#038;p=6298"},"modified":"2020-09-25T07:28:36","modified_gmt":"2020-09-25T05:28:36","slug":"antologia-de-la-poesia-espanola-poesia-de-tipo-tradicional","status":"publish","type":"product","link":"https:\/\/cienfuegos.fr\/index.php\/product\/antologia-de-la-poesia-espanola-poesia-de-tipo-tradicional\/","title":{"rendered":"Antolog\u00eda de la poes\u00eda espa\u00f1ola. Poes\u00eda de tipo tradicional"},"content":{"rendered":"","protected":false},"excerpt":{"rendered":"<p>Autor: Alonso, Damaso y Blecua, Jos\u00e9 M. (editores)<br \/>\nEditorial: Gredos<br \/>\nA\u00f1o de publicaci\u00f3n: 1956<br \/>\nN\u00famero de p\u00e1ginas:<br \/>\nI.S.B.N:<\/p>\n","protected":false},"featured_media":6049,"comment_status":"open","ping_status":"closed","template":"","meta":[],"class_list":{"0":"post-6298","1":"product","2":"type-product","3":"status-publish","4":"has-post-thumbnail","6":"product_cat-poesia","7":"post","9":"first","10":"instock","11":"taxable","12":"shipping-taxable","13":"purchasable","14":"product-type-simple"},"_links":{"self":[{"href":"https:\/\/cienfuegos.fr\/index.php\/wp-json\/wp\/v2\/product\/6298","targetHints":{"allow":["GET"]}}],"collection":[{"href":"https:\/\/cienfuegos.fr\/index.php\/wp-json\/wp\/v2\/product"}],"about":[{"href":"https:\/\/cienfuegos.fr\/index.php\/wp-json\/wp\/v2\/types\/product"}],"replies":[{"embeddable":true,"href":"https:\/\/cienfuegos.fr\/index.php\/wp-json\/wp\/v2\/comments?post=6298"}],"wp:featuredmedia":[{"embeddable":true,"href":"https:\/\/cienfuegos.fr\/index.php\/wp-json\/wp\/v2\/media\/6049"}],"wp:attachment":[{"href":"https:\/\/cienfuegos.fr\/index.php\/wp-json\/wp\/v2\/media?parent=6298"}],"curies":[{"name":"wp","href":"https:\/\/api.w.org\/{rel}","templated":true}]}}