{"id":6296,"date":"2020-09-25T07:26:16","date_gmt":"2020-09-25T05:26:16","guid":{"rendered":"https:\/\/cienfuegos.fr\/?post_type=product&#038;p=6296"},"modified":"2023-11-23T09:06:13","modified_gmt":"2023-11-23T08:06:13","slug":"adonais","status":"publish","type":"product","link":"https:\/\/cienfuegos.fr\/index.php\/product\/adonais\/","title":{"rendered":"Adonais. Eleg\u00eda de Percy B. Shelley"},"content":{"rendered":"","protected":false},"excerpt":{"rendered":"<p>Autor: Shelley, Percy B.<br \/>\nEditorial: Edici\u00f3n de la Asociaci\u00f3n Argentina de Cultura Brit\u00e1nica de C\u00f3rdoba<br \/>\nA\u00f1o de publicaci\u00f3n: 1944<br \/>\nN\u00famero de p\u00e1ginas:<br \/>\nI.S.B.N:<\/p>\n<p>Traducida por Julio A. Roca.\/Ilustrada con diez xilograf\u00edas originales de Alberto Nicasio.<\/p>\n","protected":false},"featured_media":6048,"comment_status":"open","ping_status":"closed","template":"","meta":[],"class_list":{"0":"post-6296","1":"product","2":"type-product","3":"status-publish","4":"has-post-thumbnail","6":"product_cat-poesia","7":"post","9":"first","10":"instock","11":"taxable","12":"shipping-taxable","13":"purchasable","14":"product-type-simple"},"_links":{"self":[{"href":"https:\/\/cienfuegos.fr\/index.php\/wp-json\/wp\/v2\/product\/6296","targetHints":{"allow":["GET"]}}],"collection":[{"href":"https:\/\/cienfuegos.fr\/index.php\/wp-json\/wp\/v2\/product"}],"about":[{"href":"https:\/\/cienfuegos.fr\/index.php\/wp-json\/wp\/v2\/types\/product"}],"replies":[{"embeddable":true,"href":"https:\/\/cienfuegos.fr\/index.php\/wp-json\/wp\/v2\/comments?post=6296"}],"wp:featuredmedia":[{"embeddable":true,"href":"https:\/\/cienfuegos.fr\/index.php\/wp-json\/wp\/v2\/media\/6048"}],"wp:attachment":[{"href":"https:\/\/cienfuegos.fr\/index.php\/wp-json\/wp\/v2\/media?parent=6296"}],"curies":[{"name":"wp","href":"https:\/\/api.w.org\/{rel}","templated":true}]}}