{"id":6291,"date":"2020-09-25T07:23:16","date_gmt":"2020-09-25T05:23:16","guid":{"rendered":"https:\/\/cienfuegos.fr\/?post_type=product&#038;p=6291"},"modified":"2020-09-25T07:23:16","modified_gmt":"2020-09-25T05:23:16","slug":"los-dias-terrenales","status":"publish","type":"product","link":"https:\/\/cienfuegos.fr\/index.php\/product\/los-dias-terrenales\/","title":{"rendered":"Los d\u00edas terrenales"},"content":{"rendered":"","protected":false},"excerpt":{"rendered":"<p>Autor: Revueltas, Jos\u00e9<br \/>\nEditorial: Archivos<br \/>\nA\u00f1o de publicaci\u00f3n:<br \/>\nN\u00famero de p\u00e1ginas:<br \/>\nI.S.B.N:<\/p>\n<p>Edici\u00f3n cr\u00edtica de Evodio Escalante. Nuevo, tapa dura e ilustraciones, 17&#215;24 cm. \u00abCuentista, novelista, dramaturgo, periodista, guionista de cine, ensayista, te\u00f3rico de la pol\u00edtica, fil\u00f3sofo, autodidacta. Jos\u00e9 Revueltas representa en Am\u00e9rica Latina acaso el ejemplo mejor logrado de que los caminos de la disidencia pol\u00edtica y de la literatura no necesariamente se contraponen. Marxista comprometido y miembro del Partido Comunista desde los primeros a\u00f1os de su juventud, Revueltas es todo lo contrario del escritor conformista al que le basta saber que la literatura ha de subordinarse ante las tareas que le impone la Gran Pol\u00edtica. Aunque no sin contradicciones ni altibajos, su escritura, l\u00fadica e implacable, no quiere limitarse a reflejar la praxis pol\u00edtica de su tiempo: tambi\u00e9n intenta separarse de ella para erigir un testimonio de un profundo valor autocr\u00edtico. Lo consigue con creces. \u00abLos d\u00edas terrenales\u00bb, novela que la izquierda de la \u00e9poca conden\u00f3 de manera un\u00e1nime por su parentesco con el existencialismo, es en realidad una denuncia de las pr\u00e1cticas y del clima mental propiciados por el estalinismo al interior del aparato partidario.\u00bb Evodio Escalante) Contiene el texto, la historia y unas lecturas del texto.<\/p>\n","protected":false},"featured_media":6046,"comment_status":"open","ping_status":"closed","template":"","meta":[],"class_list":{"0":"post-6291","1":"product","2":"type-product","3":"status-publish","4":"has-post-thumbnail","6":"product_cat-narrativa","7":"post","9":"first","10":"instock","11":"taxable","12":"shipping-taxable","13":"purchasable","14":"product-type-simple"},"_links":{"self":[{"href":"https:\/\/cienfuegos.fr\/index.php\/wp-json\/wp\/v2\/product\/6291","targetHints":{"allow":["GET"]}}],"collection":[{"href":"https:\/\/cienfuegos.fr\/index.php\/wp-json\/wp\/v2\/product"}],"about":[{"href":"https:\/\/cienfuegos.fr\/index.php\/wp-json\/wp\/v2\/types\/product"}],"replies":[{"embeddable":true,"href":"https:\/\/cienfuegos.fr\/index.php\/wp-json\/wp\/v2\/comments?post=6291"}],"wp:featuredmedia":[{"embeddable":true,"href":"https:\/\/cienfuegos.fr\/index.php\/wp-json\/wp\/v2\/media\/6046"}],"wp:attachment":[{"href":"https:\/\/cienfuegos.fr\/index.php\/wp-json\/wp\/v2\/media?parent=6291"}],"curies":[{"name":"wp","href":"https:\/\/api.w.org\/{rel}","templated":true}]}}