{"id":6273,"date":"2020-09-28T05:04:25","date_gmt":"2020-09-28T03:04:25","guid":{"rendered":"https:\/\/cienfuegos.fr\/?post_type=product&#038;p=6273"},"modified":"2020-10-07T22:03:43","modified_gmt":"2020-10-07T20:03:43","slug":"infancia","status":"publish","type":"product","link":"https:\/\/cienfuegos.fr\/index.php\/product\/infancia\/","title":{"rendered":"Infancia"},"content":{"rendered":"","protected":false},"excerpt":{"rendered":"<p>Autor: Ramos, Garciliano<br \/>\nEditorial: Siglo Veinte<br \/>\nA\u00f1o de publicaci\u00f3n:<br \/>\nN\u00famero de p\u00e1ginas:<br \/>\nI.S.B.N:<\/p>\n<p>rad. de Bernardo Kordon. Intonso.- Brasil ha venido produciendo en estos a\u00f1os una notable generaci\u00f3n de novelistas, y dentro de ella, un caso extraordinario, el de Graciliano Ramos, escritor que llega a la madurez alejado de todo c\u00edrculo literario, estudiando sus personajes en los villorios perdidos en los calcinados desiertos brasile\u00f1os. En su obra ha revelado la presencia de esas vidas humildes y humilladas, vidas martirizadas y silenciosas en lucha contra una naturaleza implacable que agudiza las pasiones y problemas de la criatura humana. Graciliano Ramos es considerado actualmente el m\u00e1s grande novelista de Brasil y el escritor m\u00e1s completo de ese movimiento riqu\u00edsimo, que cuenta valores de la talla de Jos\u00e9 Lins do Rego y Jorge Amado. La penetraci\u00f3n psicol\u00f3gica caracteriza singularmente a este notable creador, que se ha apartado de todas las reglas conocidas en la literatura regional, para incorporar a su obra un matiz de recia emotividad que da a su novel\u00edstica una gran fuerza po\u00e9tica.<\/p>\n","protected":false},"featured_media":6073,"comment_status":"open","ping_status":"closed","template":"","meta":[],"class_list":{"0":"post-6273","1":"product","2":"type-product","3":"status-publish","4":"has-post-thumbnail","6":"product_cat-narrativa","7":"post","9":"first","10":"outofstock","11":"taxable","12":"shipping-taxable","13":"purchasable","14":"product-type-simple"},"_links":{"self":[{"href":"https:\/\/cienfuegos.fr\/index.php\/wp-json\/wp\/v2\/product\/6273","targetHints":{"allow":["GET"]}}],"collection":[{"href":"https:\/\/cienfuegos.fr\/index.php\/wp-json\/wp\/v2\/product"}],"about":[{"href":"https:\/\/cienfuegos.fr\/index.php\/wp-json\/wp\/v2\/types\/product"}],"replies":[{"embeddable":true,"href":"https:\/\/cienfuegos.fr\/index.php\/wp-json\/wp\/v2\/comments?post=6273"}],"wp:featuredmedia":[{"embeddable":true,"href":"https:\/\/cienfuegos.fr\/index.php\/wp-json\/wp\/v2\/media\/6073"}],"wp:attachment":[{"href":"https:\/\/cienfuegos.fr\/index.php\/wp-json\/wp\/v2\/media?parent=6273"}],"curies":[{"name":"wp","href":"https:\/\/api.w.org\/{rel}","templated":true}]}}