{"id":6269,"date":"2020-09-25T04:30:19","date_gmt":"2020-09-25T02:30:19","guid":{"rendered":"https:\/\/cienfuegos.fr\/?post_type=product&#038;p=6269"},"modified":"2020-09-25T04:30:19","modified_gmt":"2020-09-25T02:30:19","slug":"cuentos-completos","status":"publish","type":"product","link":"https:\/\/cienfuegos.fr\/index.php\/product\/cuentos-completos\/","title":{"rendered":"Cuentos completos"},"content":{"rendered":"","protected":false},"excerpt":{"rendered":"<p>Autor: Ram\u00edrez, Sergio<br \/>\nEditorial:<br \/>\nA\u00f1o de publicaci\u00f3n:<br \/>\nN\u00famero de p\u00e1ginas:<br \/>\nI.S.B.N:<\/p>\n<p>\u00abSergio Ram\u00edrez nos da, a puro talento, una visi\u00f3n descarnada, aleccionante y (algo nada desde\u00f1able) muy amena, de una comunidad latinoamericana que busc\u00f3 a tientas (y mucho m\u00e1s tarde encontr\u00f3 a sabiendas) un lugar en la historia. Un lugar que a\u00fan no ha podido conquistar a plenitud.\u00bb<\/p>\n","protected":false},"featured_media":6071,"comment_status":"open","ping_status":"closed","template":"","meta":[],"class_list":{"0":"post-6269","1":"product","2":"type-product","3":"status-publish","4":"has-post-thumbnail","6":"product_cat-narrativa","7":"post","9":"first","10":"instock","11":"taxable","12":"shipping-taxable","13":"purchasable","14":"product-type-simple"},"_links":{"self":[{"href":"https:\/\/cienfuegos.fr\/index.php\/wp-json\/wp\/v2\/product\/6269","targetHints":{"allow":["GET"]}}],"collection":[{"href":"https:\/\/cienfuegos.fr\/index.php\/wp-json\/wp\/v2\/product"}],"about":[{"href":"https:\/\/cienfuegos.fr\/index.php\/wp-json\/wp\/v2\/types\/product"}],"replies":[{"embeddable":true,"href":"https:\/\/cienfuegos.fr\/index.php\/wp-json\/wp\/v2\/comments?post=6269"}],"wp:featuredmedia":[{"embeddable":true,"href":"https:\/\/cienfuegos.fr\/index.php\/wp-json\/wp\/v2\/media\/6071"}],"wp:attachment":[{"href":"https:\/\/cienfuegos.fr\/index.php\/wp-json\/wp\/v2\/media?parent=6269"}],"curies":[{"name":"wp","href":"https:\/\/api.w.org\/{rel}","templated":true}]}}