{"id":6267,"date":"2020-09-25T04:28:06","date_gmt":"2020-09-25T02:28:06","guid":{"rendered":"https:\/\/cienfuegos.fr\/?post_type=product&#038;p=6267"},"modified":"2022-04-28T15:52:51","modified_gmt":"2022-04-28T13:52:51","slug":"adios-muchachos","status":"publish","type":"product","link":"https:\/\/cienfuegos.fr\/index.php\/product\/adios-muchachos\/","title":{"rendered":"Adi\u00f3s muchachos"},"content":{"rendered":"","protected":false},"excerpt":{"rendered":"<p>Autor: Ram\u00edrez, Sergio<br \/>\nEditorial: Aguilar<br \/>\nA\u00f1o de publicaci\u00f3n: 1999<br \/>\nN\u00famero de p\u00e1ginas:<br \/>\nI.S.B.N:<\/p>\n<p>Primera edici\u00f3n. \u00abNo hab\u00eda le\u00eddo la autobiograf\u00eda de Sergio Ram\u00edrez, Adi\u00f3s muchachos, y acabo de hacerlo, conmovido. Es un libro sereno, muy bien escrito.\u00bb Mario Vargas Llosa, Piedra de toque, El Pa\u00eds. Una novela del ganador del Premio Cervantes 2017.Con la p\u00e9rdida de las elecciones generales en 1990, el proceso iniciado por la revoluci\u00f3n sandinista contra el dictador Somoza en 1979 se detuvo en seco, y con \u00e9l tambi\u00e9n se difuminaron los sue\u00f1os, anhelos y esperanzas de cientos de miles de ciudadanos que participaron en aquel proceso transformador. Sergio Ram\u00edrez, miembro de la dirigencia revolucionaria y vicepresidente en la f\u00f3rmula con Daniel Ortega, fue testigo excepcional de una utop\u00eda que se extendi\u00f3 m\u00e1s all\u00e1 de las fronteras nicarag\u00fcenses. Adi\u00f3s muchachos es la memoria de una generaci\u00f3n que luch\u00f3 por unos ideales de rebeld\u00eda comunes, y que, si bien no pudo ver cumplidos todos sus objetivos de justicia, riqueza y desarrollo, siente el orgullo de haber tra\u00eddo la democracia a su pa\u00eds, Nicaragua, cuando las ideolog\u00edas parecen desvanecerse. Esta edici\u00f3n lleva un nuevo pr\u00f3logo del autor, que pone en perspectiva sus reflexiones cr\u00edticas tras el regreso al poder del Frente Sandinista, con el propio Daniel Ortega a la cabeza. Rese\u00f1as: \u00abEl talento narrativo del autor domina este libro. Rescata del olvido una revoluci\u00f3n que despert\u00f3 enormes esperanzas y conmovidas adhesiones.\u00bb Javier Pradera, Babelia \u00abM\u00e1s all\u00e1 de las ideolog\u00edas Adi\u00f3s muchachos encierra el inter\u00e9s de lo aut\u00e9ntico y lo honesto.\u00bb Carmen Rodr\u00edguez Santos, ABC.<\/p>\n","protected":false},"featured_media":6070,"comment_status":"open","ping_status":"closed","template":"","meta":[],"class_list":{"0":"post-6267","1":"product","2":"type-product","3":"status-publish","4":"has-post-thumbnail","6":"product_cat-narrativa","7":"post","9":"first","10":"onbackorder","11":"taxable","12":"shipping-taxable","13":"purchasable","14":"product-type-simple"},"_links":{"self":[{"href":"https:\/\/cienfuegos.fr\/index.php\/wp-json\/wp\/v2\/product\/6267","targetHints":{"allow":["GET"]}}],"collection":[{"href":"https:\/\/cienfuegos.fr\/index.php\/wp-json\/wp\/v2\/product"}],"about":[{"href":"https:\/\/cienfuegos.fr\/index.php\/wp-json\/wp\/v2\/types\/product"}],"replies":[{"embeddable":true,"href":"https:\/\/cienfuegos.fr\/index.php\/wp-json\/wp\/v2\/comments?post=6267"}],"wp:featuredmedia":[{"embeddable":true,"href":"https:\/\/cienfuegos.fr\/index.php\/wp-json\/wp\/v2\/media\/6070"}],"wp:attachment":[{"href":"https:\/\/cienfuegos.fr\/index.php\/wp-json\/wp\/v2\/media?parent=6267"}],"curies":[{"name":"wp","href":"https:\/\/api.w.org\/{rel}","templated":true}]}}