{"id":6188,"date":"2020-09-24T08:22:24","date_gmt":"2020-09-24T06:22:24","guid":{"rendered":"https:\/\/cienfuegos.fr\/?post_type=product&#038;p=6188"},"modified":"2020-09-24T08:22:24","modified_gmt":"2020-09-24T06:22:24","slug":"la-muerte-me-da","status":"publish","type":"product","link":"https:\/\/cienfuegos.fr\/index.php\/product\/la-muerte-me-da\/","title":{"rendered":"La muerte me da"},"content":{"rendered":"","protected":false},"excerpt":{"rendered":"<p>Autor: Rivera Garza, Cristina<br \/>\nEditorial: Tusquets<br \/>\nA\u00f1o de publicaci\u00f3n:<br \/>\nN\u00famero de p\u00e1ginas:<br \/>\nI.S.B.N:<\/p>\n<p>Una mujer descubre accidentalmente el cad\u00e1ver castrado de un joven . El cuerpo yace al fondo de un callej\u00f3n, junto a unos enigm\u00e1ticos versos de la poeta argentina Alejandra Pizarnik. Cuando la mujer que se hace llamar Cristina Rivera Garza y ha le\u00eddo la obra po\u00e9tica de Pizarnik notifica su hallazgo a la polic\u00eda, se convierte, de manera autom\u00e1tica, en la misteriosa Informante. \u00bfQu\u00e9 ha visto? \u00bfQu\u00e9 cree que significan esos versos, que comienzan as\u00ed: \u00abCu\u00eddate de m\u00ed amor m\u00edo\u00bb? La aparici\u00f3n de nuevas v\u00edctimas, siempre hombres castrados, da pie a la polic\u00eda para pensar que se enfrenta a un asesino en serie, y dos mujeres se empe\u00f1an en dar con \u00e9l. Una es la infatigable detective del Departamento de Investigaci\u00f3n de Homicidios, a la que, con su ayudante Valerio, han encomendado el caso. La otra mujer es una misteriosa periodista especializada en sucesos. Ambas se empe\u00f1an en resolver un caso que depara, como toda la historia, m\u00e1s sorpresas que respuestas. Ya desde el t\u00edtulo, perteneciente a un verso de la poeta suicida Alejandra Pizarnik, la autora se sirve de los m\u00e1s diversos g\u00e9neros literarios para abordar, con un lenguaje narrativo desgarrado y osado, donde nada es inocente , cuestiones como la violencia y la framentaci\u00f3n de la realidad en el mundo contempor\u00e1neo.<\/p>\n","protected":false},"featured_media":6020,"comment_status":"open","ping_status":"closed","template":"","meta":[],"class_list":{"0":"post-6188","1":"product","2":"type-product","3":"status-publish","4":"has-post-thumbnail","6":"product_cat-narrativa","7":"post","9":"first","10":"instock","11":"taxable","12":"shipping-taxable","13":"purchasable","14":"product-type-simple"},"_links":{"self":[{"href":"https:\/\/cienfuegos.fr\/index.php\/wp-json\/wp\/v2\/product\/6188","targetHints":{"allow":["GET"]}}],"collection":[{"href":"https:\/\/cienfuegos.fr\/index.php\/wp-json\/wp\/v2\/product"}],"about":[{"href":"https:\/\/cienfuegos.fr\/index.php\/wp-json\/wp\/v2\/types\/product"}],"replies":[{"embeddable":true,"href":"https:\/\/cienfuegos.fr\/index.php\/wp-json\/wp\/v2\/comments?post=6188"}],"wp:featuredmedia":[{"embeddable":true,"href":"https:\/\/cienfuegos.fr\/index.php\/wp-json\/wp\/v2\/media\/6020"}],"wp:attachment":[{"href":"https:\/\/cienfuegos.fr\/index.php\/wp-json\/wp\/v2\/media?parent=6188"}],"curies":[{"name":"wp","href":"https:\/\/api.w.org\/{rel}","templated":true}]}}