{"id":6165,"date":"2020-09-24T07:53:06","date_gmt":"2020-09-24T05:53:06","guid":{"rendered":"https:\/\/cienfuegos.fr\/?post_type=product&#038;p=6165"},"modified":"2020-09-24T07:53:06","modified_gmt":"2020-09-24T05:53:06","slug":"la-pesquisa","status":"publish","type":"product","link":"https:\/\/cienfuegos.fr\/index.php\/product\/la-pesquisa\/","title":{"rendered":"La pesquisa"},"content":{"rendered":"","protected":false},"excerpt":{"rendered":"<p>Autor:Saer, Juan Jos\u00e9<br \/>\nEditorial: Seix Barral<br \/>\nA\u00f1o de publicaci\u00f3n:<br \/>\nN\u00famero de p\u00e1ginas:<br \/>\nI.S.B.N:<\/p>\n<p>En Par\u00eds, v\u00edsperas de Navidad, el comisario Morvan observa desde su oficina las calles iluminadas y el cielo que presagia \u00abnieve inminente\u00bb. Lo agobia un asesino insondable que carga encima veintisiete muertes y un sue\u00f1o en el que se yergue una ciudad enrarecida. En Santa Fe, Argentina, Pich\u00f3n Garay &#8211;llegado de Par\u00eds en una visita que tiene como excusa el examen de un manuscrito misterioso y como motivo soterrado el encuentro con los parajes que una vez le fueron familiares&#8211; narra a Tomatis y a Soldi, sus amigos, la historia del solitario polic\u00eda, tras un d\u00eda agotador en donde el pasado, impredecible y despiadado como el fantasmal asesino, se ha ido deslizando por los resquicios m\u00e1s insospechados.Tomando motivos cl\u00e1sicos de la novela policial o detectivesca, Saer despliega en La pesquisa, con una destreza inusitada y por momentos paralizante, una novela sobre la opacidad del ser humano para consigo mismo, sobre la inminencia del tiempo cuya medida es inaccesible a seres finitos y fragmentados que apenas saben leer sus huellas en el deterioro de los cuerpos, en la desaparici\u00f3n de los seres amados, en el herrumbre arenoso de la memoria o en el cambio repentino y turbio de las estaciones, todo puesto en escena con la prosa extenuante y serpenteada que se hab\u00eda puesto en movimiento casi treinta a\u00f1os atr\u00e1s, cuando el autor santafesino diera a conocer sus primeros libros.La pesquisa es una novela poco menos que ineludible en esa vasta constelaci\u00f3n que es la escritura de Saer. Una pieza maestra, oblicua e indirecta, de la que irradian los nombres y las obsesiones que mantendr\u00e1n en pie durante a\u00f1os su obra.<\/p>\n","protected":false},"featured_media":6036,"comment_status":"open","ping_status":"closed","template":"","meta":[],"class_list":{"0":"post-6165","1":"product","2":"type-product","3":"status-publish","4":"has-post-thumbnail","6":"product_cat-narrativa","7":"post","9":"first","10":"instock","11":"taxable","12":"shipping-taxable","13":"purchasable","14":"product-type-simple"},"_links":{"self":[{"href":"https:\/\/cienfuegos.fr\/index.php\/wp-json\/wp\/v2\/product\/6165","targetHints":{"allow":["GET"]}}],"collection":[{"href":"https:\/\/cienfuegos.fr\/index.php\/wp-json\/wp\/v2\/product"}],"about":[{"href":"https:\/\/cienfuegos.fr\/index.php\/wp-json\/wp\/v2\/types\/product"}],"replies":[{"embeddable":true,"href":"https:\/\/cienfuegos.fr\/index.php\/wp-json\/wp\/v2\/comments?post=6165"}],"wp:featuredmedia":[{"embeddable":true,"href":"https:\/\/cienfuegos.fr\/index.php\/wp-json\/wp\/v2\/media\/6036"}],"wp:attachment":[{"href":"https:\/\/cienfuegos.fr\/index.php\/wp-json\/wp\/v2\/media?parent=6165"}],"curies":[{"name":"wp","href":"https:\/\/api.w.org\/{rel}","templated":true}]}}