{"id":6159,"date":"2020-09-24T07:43:13","date_gmt":"2020-09-24T05:43:13","guid":{"rendered":"https:\/\/cienfuegos.fr\/?post_type=product&#038;p=6159"},"modified":"2020-09-24T07:43:14","modified_gmt":"2020-09-24T05:43:14","slug":"malestrom","status":"publish","type":"product","link":"https:\/\/cienfuegos.fr\/index.php\/product\/malestrom\/","title":{"rendered":"Malestrom"},"content":{"rendered":"","protected":false},"excerpt":{"rendered":"<p>Autor: Sagasti, Luis<br \/>\nEditorial: Eterna cadencia<br \/>\nA\u00f1o de publicaci\u00f3n:<br \/>\nN\u00famero de p\u00e1ginas:<br \/>\nI.S.B.N:<\/p>\n<p>Gustavo est\u00e1 en Santiago de Compostela. En un paseo por el parque de la Alameda, un peque\u00f1o jard\u00edn de helechos, el Jard\u00edn de Andr\u00f3meda, y una placa con siete nombres despiertan su curiosidad. Que una ciudad tan cat\u00f3lica le dedique un jard\u00edn a un personaje de la mitolog\u00eda griega le pareci\u00f3 algo raro. Los nombres en la placa le hicieron pensar en v\u00edctimas de la guerra, en republicanos, sobre todo porque eran de diferentes nacionalidades. Pero al parecer nadie sabe nada al respecto, ni siquiera el jardinero del lugar, cuyo nombre, llamativamente, es uno de los siete que figuran en la placa. El narrador va entrando con \u00e9l en una espiral de intrigas e hip\u00f3tesis que, a su vez, le disparan infinidad de asociaciones, que van desde la astronom\u00eda y los mitos griegos, hasta la obra de Julio Verne.<\/p>\n","protected":false},"featured_media":0,"comment_status":"open","ping_status":"closed","template":"","meta":[],"class_list":{"0":"post-6159","1":"product","2":"type-product","3":"status-publish","5":"product_cat-narrativa","6":"post","8":"first","9":"instock","10":"taxable","11":"shipping-taxable","12":"purchasable","13":"product-type-simple"},"_links":{"self":[{"href":"https:\/\/cienfuegos.fr\/index.php\/wp-json\/wp\/v2\/product\/6159","targetHints":{"allow":["GET"]}}],"collection":[{"href":"https:\/\/cienfuegos.fr\/index.php\/wp-json\/wp\/v2\/product"}],"about":[{"href":"https:\/\/cienfuegos.fr\/index.php\/wp-json\/wp\/v2\/types\/product"}],"replies":[{"embeddable":true,"href":"https:\/\/cienfuegos.fr\/index.php\/wp-json\/wp\/v2\/comments?post=6159"}],"wp:attachment":[{"href":"https:\/\/cienfuegos.fr\/index.php\/wp-json\/wp\/v2\/media?parent=6159"}],"curies":[{"name":"wp","href":"https:\/\/api.w.org\/{rel}","templated":true}]}}