{"id":6157,"date":"2020-09-24T07:39:45","date_gmt":"2020-09-24T05:39:45","guid":{"rendered":"https:\/\/cienfuegos.fr\/?post_type=product&#038;p=6157"},"modified":"2020-09-24T07:39:46","modified_gmt":"2020-09-24T05:39:46","slug":"bellas-artes","status":"publish","type":"product","link":"https:\/\/cienfuegos.fr\/index.php\/product\/bellas-artes\/","title":{"rendered":"Bellas artes"},"content":{"rendered":"","protected":false},"excerpt":{"rendered":"<p>Autor: Sagasti, Luis<br \/>\nEditorial: Eterna cadencia<br \/>\nA\u00f1o de publicaci\u00f3n:<br \/>\nN\u00famero de p\u00e1ginas:<br \/>\nI.S.B.N:<\/p>\n<p>\u00bfQu\u00e9 tienen en com\u00fan el Principito, el cura brasile\u00f1o que desapareci\u00f3 en los cielos arrastrado por una infinidad de globos, la oscura juventud de Habermas y Bill Pilgrim, el protagonista de Matadero cinco? En un relato fant\u00e1stico pero extra\u00eddo a la vez de la historia, Luis Sagasti nos seduce con una verdadera obra del arte de desovillar la historia.Hay quienes dicen que todo es una gran conspiraci\u00f3n: ?El hombre no lleg\u00f3 a la Luna; Paul McCartney muri\u00f3 en 1967 y fue reemplazado por alguien id\u00e9ntico; Shakespeare es Francis Bacon?, y as\u00ed. Uno no deber\u00eda creer en esas cosas, pero s\u00ed en los secretos, advierte este sde hace miles de a\u00f1os la madeja da vueltas y los hilos se cruzan en infinitas capas. Entonces, \u00bfpor d\u00f3nde empezar si no se encuentra la punta? Sagasti tira de uno de los hilosy a partir de \u00e9l construye una constelaci\u00f3n maravillosa de personajes -entre ellos, Vonnegut, Saint-Ex\u00fapery, Wittgenstein, enlazando los hechos m\u00e1s curiosos y significativos de sus biograf\u00edas.<\/p>\n","protected":false},"featured_media":6032,"comment_status":"open","ping_status":"closed","template":"","meta":[],"class_list":{"0":"post-6157","1":"product","2":"type-product","3":"status-publish","4":"has-post-thumbnail","6":"product_cat-narrativa","7":"post","9":"first","10":"instock","11":"taxable","12":"shipping-taxable","13":"purchasable","14":"product-type-simple"},"_links":{"self":[{"href":"https:\/\/cienfuegos.fr\/index.php\/wp-json\/wp\/v2\/product\/6157","targetHints":{"allow":["GET"]}}],"collection":[{"href":"https:\/\/cienfuegos.fr\/index.php\/wp-json\/wp\/v2\/product"}],"about":[{"href":"https:\/\/cienfuegos.fr\/index.php\/wp-json\/wp\/v2\/types\/product"}],"replies":[{"embeddable":true,"href":"https:\/\/cienfuegos.fr\/index.php\/wp-json\/wp\/v2\/comments?post=6157"}],"wp:featuredmedia":[{"embeddable":true,"href":"https:\/\/cienfuegos.fr\/index.php\/wp-json\/wp\/v2\/media\/6032"}],"wp:attachment":[{"href":"https:\/\/cienfuegos.fr\/index.php\/wp-json\/wp\/v2\/media?parent=6157"}],"curies":[{"name":"wp","href":"https:\/\/api.w.org\/{rel}","templated":true}]}}