{"id":6148,"date":"2020-09-24T07:17:25","date_gmt":"2020-09-24T05:17:25","guid":{"rendered":"https:\/\/cienfuegos.fr\/?post_type=product&#038;p=6148"},"modified":"2020-09-24T07:17:26","modified_gmt":"2020-09-24T05:17:26","slug":"celacanto","status":"publish","type":"product","link":"https:\/\/cienfuegos.fr\/index.php\/product\/celacanto\/","title":{"rendered":"Celacanto"},"content":{"rendered":"","protected":false},"excerpt":{"rendered":"<p>Autor: Sabad\u00fa, Jimina<br \/>\nEditorial: Lengua de trapo<br \/>\nA\u00f1o de publicaci\u00f3n:<br \/>\nN\u00famero de p\u00e1ginas:<br \/>\nI.S.B.N:<\/p>\n<p>Hay un mail que cuenta una historia acerca de unos ni\u00f1os en un campamento, de un ni\u00f1o malo desaparecido y de un ni\u00f1o que declara haber visto c\u00f3mo un celacanto sali\u00f3 del agua y lo devor\u00f3. Unos ni\u00f1os que est\u00e1n lejos y unos padres que no saben bien c\u00f3mo ser padres.<\/p>\n","protected":false},"featured_media":6029,"comment_status":"open","ping_status":"closed","template":"","meta":[],"class_list":{"0":"post-6148","1":"product","2":"type-product","3":"status-publish","4":"has-post-thumbnail","6":"product_cat-narrativa","7":"post","9":"first","10":"instock","11":"taxable","12":"shipping-taxable","13":"purchasable","14":"product-type-simple"},"_links":{"self":[{"href":"https:\/\/cienfuegos.fr\/index.php\/wp-json\/wp\/v2\/product\/6148","targetHints":{"allow":["GET"]}}],"collection":[{"href":"https:\/\/cienfuegos.fr\/index.php\/wp-json\/wp\/v2\/product"}],"about":[{"href":"https:\/\/cienfuegos.fr\/index.php\/wp-json\/wp\/v2\/types\/product"}],"replies":[{"embeddable":true,"href":"https:\/\/cienfuegos.fr\/index.php\/wp-json\/wp\/v2\/comments?post=6148"}],"wp:featuredmedia":[{"embeddable":true,"href":"https:\/\/cienfuegos.fr\/index.php\/wp-json\/wp\/v2\/media\/6029"}],"wp:attachment":[{"href":"https:\/\/cienfuegos.fr\/index.php\/wp-json\/wp\/v2\/media?parent=6148"}],"curies":[{"name":"wp","href":"https:\/\/api.w.org\/{rel}","templated":true}]}}