{"id":6144,"date":"2020-09-24T07:09:52","date_gmt":"2020-09-24T05:09:52","guid":{"rendered":"https:\/\/cienfuegos.fr\/?post_type=product&#038;p=6144"},"modified":"2020-09-24T07:09:52","modified_gmt":"2020-09-24T05:09:52","slug":"estuve-en-lisboa-y-me-acorde-de-ti","status":"publish","type":"product","link":"https:\/\/cienfuegos.fr\/index.php\/product\/estuve-en-lisboa-y-me-acorde-de-ti\/","title":{"rendered":"Estuve en Lisboa y me acord\u00e9 de ti"},"content":{"rendered":"","protected":false},"excerpt":{"rendered":"<p>Autor: Ruffato, Luiz<br \/>\nEditorial: Eterna Cadencia<br \/>\nA\u00f1o de publicaci\u00f3n:<br \/>\nN\u00famero de p\u00e1ginas:<br \/>\nI.S.B.N:<\/p>\n<p>S\u00e9rgio es un joven brasile\u00f1o de origen humilde. Su matrimonio ha fracasado y su situaci\u00f3n econ\u00f3mica es endeble. Alguien le sugerir\u00e1 entonces que viaje a Portugal a buscar fortuna.? El mito de una salvaci\u00f3n en Europa, la ilusi\u00f3n de que compartir un idioma implica compartir una cultura, la condici\u00f3n marginal de los sudamericanos har\u00e1n de ese viaje un aprendizaje acerca de la ausencia de salidas, de la rispidez de la vida.<\/p>\n","protected":false},"featured_media":6045,"comment_status":"open","ping_status":"closed","template":"","meta":[],"class_list":{"0":"post-6144","1":"product","2":"type-product","3":"status-publish","4":"has-post-thumbnail","6":"product_cat-narrativa","7":"post","9":"first","10":"instock","11":"taxable","12":"shipping-taxable","13":"purchasable","14":"product-type-simple"},"_links":{"self":[{"href":"https:\/\/cienfuegos.fr\/index.php\/wp-json\/wp\/v2\/product\/6144","targetHints":{"allow":["GET"]}}],"collection":[{"href":"https:\/\/cienfuegos.fr\/index.php\/wp-json\/wp\/v2\/product"}],"about":[{"href":"https:\/\/cienfuegos.fr\/index.php\/wp-json\/wp\/v2\/types\/product"}],"replies":[{"embeddable":true,"href":"https:\/\/cienfuegos.fr\/index.php\/wp-json\/wp\/v2\/comments?post=6144"}],"wp:featuredmedia":[{"embeddable":true,"href":"https:\/\/cienfuegos.fr\/index.php\/wp-json\/wp\/v2\/media\/6045"}],"wp:attachment":[{"href":"https:\/\/cienfuegos.fr\/index.php\/wp-json\/wp\/v2\/media?parent=6144"}],"curies":[{"name":"wp","href":"https:\/\/api.w.org\/{rel}","templated":true}]}}