{"id":6142,"date":"2020-09-24T07:08:20","date_gmt":"2020-09-24T05:08:20","guid":{"rendered":"https:\/\/cienfuegos.fr\/?post_type=product&#038;p=6142"},"modified":"2020-09-24T07:08:20","modified_gmt":"2020-09-24T05:08:20","slug":"anatomia-de-la-memoria","status":"publish","type":"product","link":"https:\/\/cienfuegos.fr\/index.php\/product\/anatomia-de-la-memoria\/","title":{"rendered":"Anatom\u00eda de la memoria"},"content":{"rendered":"","protected":false},"excerpt":{"rendered":"<p>Autor: Ruiz Souza, Eduardo<br \/>\nEditorial: Candaya<br \/>\nA\u00f1o de publicaci\u00f3n:<br \/>\nN\u00famero de p\u00e1ginas:<br \/>\nI.S.B.N:<\/p>\n<p>A principios de la d\u00e9cada de los setenta, en el norte de M\u00e9xico, un grupo de estudiantes conocido como Los Enfermos inici\u00f3 un movimiento revolucionario que pretend\u00eda instaurar un nuevo orden nacional. El entonces joven poeta Juan Pablo Or\u00edgenes formaba parte de aquel grupo. Cuarenta a\u00f1os despu\u00e9s, el Ministerio de Cultura encarga a Estiarte Salom\u00f3n escribir la biograf\u00eda del escritor con el prop\u00f3sito de publicar, a manera de homenaje, sus obras completas. Ser\u00e1 en las conversaciones que mantiene con Salom\u00f3n, cuando Or\u00edgenes, enredado en el delirio de su propia memoria, descubra que algo en su pasado qued\u00f3 incompleto y volver\u00e1 a recorrer las calles de la ciudad tratando de recuperarlo.<\/p>\n","protected":false},"featured_media":6015,"comment_status":"open","ping_status":"closed","template":"","meta":[],"class_list":{"0":"post-6142","1":"product","2":"type-product","3":"status-publish","4":"has-post-thumbnail","6":"product_cat-narrativa","7":"post","9":"first","10":"instock","11":"taxable","12":"shipping-taxable","13":"purchasable","14":"product-type-simple"},"_links":{"self":[{"href":"https:\/\/cienfuegos.fr\/index.php\/wp-json\/wp\/v2\/product\/6142","targetHints":{"allow":["GET"]}}],"collection":[{"href":"https:\/\/cienfuegos.fr\/index.php\/wp-json\/wp\/v2\/product"}],"about":[{"href":"https:\/\/cienfuegos.fr\/index.php\/wp-json\/wp\/v2\/types\/product"}],"replies":[{"embeddable":true,"href":"https:\/\/cienfuegos.fr\/index.php\/wp-json\/wp\/v2\/comments?post=6142"}],"wp:featuredmedia":[{"embeddable":true,"href":"https:\/\/cienfuegos.fr\/index.php\/wp-json\/wp\/v2\/media\/6015"}],"wp:attachment":[{"href":"https:\/\/cienfuegos.fr\/index.php\/wp-json\/wp\/v2\/media?parent=6142"}],"curies":[{"name":"wp","href":"https:\/\/api.w.org\/{rel}","templated":true}]}}