{"id":6136,"date":"2020-09-24T06:30:51","date_gmt":"2020-09-24T04:30:51","guid":{"rendered":"https:\/\/cienfuegos.fr\/?post_type=product&#038;p=6136"},"modified":"2020-09-24T06:30:52","modified_gmt":"2020-09-24T04:30:52","slug":"el-consejo-de-egipto","status":"publish","type":"product","link":"https:\/\/cienfuegos.fr\/index.php\/product\/el-consejo-de-egipto\/","title":{"rendered":"El consejo de Egipto"},"content":{"rendered":"","protected":false},"excerpt":{"rendered":"<p>Autor: Sciascia, Leonardo<br \/>\nEditorial: Tusquets<br \/>\nA\u00f1o de publicaci\u00f3n:<br \/>\nN\u00famero de p\u00e1ginas:<br \/>\nI.S.B.N:<\/p>\n<p>El Consejo de Egipto es la historia de una impostura. En el siglo XVIII, en la alejada Palermo hasta la que tambi\u00e9n llegan los aires y las luces de la Raz\u00f3n, un orondo personaje, el abate Vella , va a poner en entredicho los m\u00e1s conservadores y arraigados cimientos de la sociedad siciliana. Para congraciarse con la Sacra Real Majestad de N\u00e1poles, el cl\u00e9rigo, \u00e1vido de riquezas, finge traducir un c\u00f3dice de la \u00e9poca de la dominaci\u00f3 \u00e1rabe en Sicilia. Lo que est\u00e1 haciendo, sin embargo, es inventar, con talento de escritor y conocimientos de humanista, El Consejo de Egipto , documento que va a sembrar el terror entre los nobles al descubrir al mundo que los privilegiuos de la aristocracia carecen de legitimidad hist\u00f3rica. Como en tantas otras ocasiones, la an\u00e9ctota de la formidable estafa servir\u00e1 a Leonardo Sciascia para llevar a cabo una ir\u00f3nica y siempre l\u00facida reflexi\u00f3n sobre la naturaleza y contradicciones de los hombres.<\/p>\n","protected":false},"featured_media":6013,"comment_status":"open","ping_status":"closed","template":"","meta":[],"class_list":{"0":"post-6136","1":"product","2":"type-product","3":"status-publish","4":"has-post-thumbnail","6":"product_cat-narrativa","7":"post","9":"first","10":"instock","11":"taxable","12":"shipping-taxable","13":"purchasable","14":"product-type-simple"},"_links":{"self":[{"href":"https:\/\/cienfuegos.fr\/index.php\/wp-json\/wp\/v2\/product\/6136","targetHints":{"allow":["GET"]}}],"collection":[{"href":"https:\/\/cienfuegos.fr\/index.php\/wp-json\/wp\/v2\/product"}],"about":[{"href":"https:\/\/cienfuegos.fr\/index.php\/wp-json\/wp\/v2\/types\/product"}],"replies":[{"embeddable":true,"href":"https:\/\/cienfuegos.fr\/index.php\/wp-json\/wp\/v2\/comments?post=6136"}],"wp:featuredmedia":[{"embeddable":true,"href":"https:\/\/cienfuegos.fr\/index.php\/wp-json\/wp\/v2\/media\/6013"}],"wp:attachment":[{"href":"https:\/\/cienfuegos.fr\/index.php\/wp-json\/wp\/v2\/media?parent=6136"}],"curies":[{"name":"wp","href":"https:\/\/api.w.org\/{rel}","templated":true}]}}