{"id":6122,"date":"2020-09-24T05:50:28","date_gmt":"2020-09-24T03:50:28","guid":{"rendered":"https:\/\/cienfuegos.fr\/?post_type=product&#038;p=6122"},"modified":"2020-09-24T05:50:28","modified_gmt":"2020-09-24T03:50:28","slug":"ensayo-sobre-la-ceguera","status":"publish","type":"product","link":"https:\/\/cienfuegos.fr\/index.php\/product\/ensayo-sobre-la-ceguera\/","title":{"rendered":"Ensayo sobre la ceguera"},"content":{"rendered":"","protected":false},"excerpt":{"rendered":"<p>Autor: Saramago, Jos\u00e9<br \/>\nEditorial: Alfaguara<br \/>\nA\u00f1o de publicaci\u00f3n:<br \/>\nN\u00famero de p\u00e1ginas:<br \/>\nI.S.B.N:<\/p>\n<p>Ensayo sobre la ceguera es la ficci\u00f3n de un autor que nos alerta sobre \u00abla responsabilidad de tener ojos cuando otros los perdieron\u00bb \u00abDentro de nosotros hay algo que no tiene nombre, esa cosa es lo que somos.\u00bb Un hombre parado ante un sem\u00e1foro en rojo se queda ciego s\u00fabitamente. Es el primer caso de una \u00abceguera blanca\u00bb que se expande de manera fulminante. Internados en cuarentena o perdidos en la ciudad, los ciegos tendr\u00e1n que enfrentarse con lo que existe de m\u00e1s primitivo en la naturaleza humana: la voluntad de sobrevivir a cualquier precio. Ensayo sobre la ceguera es la ficci\u00f3n de un autor que nos alerta sobre \u00abla responsabilidad de tener ojos cuando otros los perdieron\u00bb. Jos\u00e9 Saramago traza en este libro una imagen aterradora y conmovedora de los tiempos que estamos viviendo. En un mundo as\u00ed, \u00bfcabr\u00e1 alguna esperanza? El lector conocer\u00e1 una experiencia imaginativa \u00fanica. En un punto donde se cruzan literatura y sabidur\u00eda, Jos\u00e9 Saramago nos obliga a parar, cerrar los ojos y ver. Recuperar la lucidez y rescatar el afecto son dos propuestas fundamentales de una novela que es, tambi\u00e9n, una reflexi\u00f3n sobre la \u00e9tica del amor y la solidaridad.<\/p>\n","protected":false},"featured_media":0,"comment_status":"open","ping_status":"closed","template":"","meta":[],"class_list":{"0":"post-6122","1":"product","2":"type-product","3":"status-publish","5":"product_cat-narrativa","6":"post","8":"first","9":"instock","10":"taxable","11":"shipping-taxable","12":"purchasable","13":"product-type-simple"},"_links":{"self":[{"href":"https:\/\/cienfuegos.fr\/index.php\/wp-json\/wp\/v2\/product\/6122","targetHints":{"allow":["GET"]}}],"collection":[{"href":"https:\/\/cienfuegos.fr\/index.php\/wp-json\/wp\/v2\/product"}],"about":[{"href":"https:\/\/cienfuegos.fr\/index.php\/wp-json\/wp\/v2\/types\/product"}],"replies":[{"embeddable":true,"href":"https:\/\/cienfuegos.fr\/index.php\/wp-json\/wp\/v2\/comments?post=6122"}],"wp:attachment":[{"href":"https:\/\/cienfuegos.fr\/index.php\/wp-json\/wp\/v2\/media?parent=6122"}],"curies":[{"name":"wp","href":"https:\/\/api.w.org\/{rel}","templated":true}]}}