{"id":6106,"date":"2020-09-24T03:54:11","date_gmt":"2020-09-24T01:54:11","guid":{"rendered":"https:\/\/cienfuegos.fr\/?post_type=product&#038;p=6106"},"modified":"2020-09-24T03:54:11","modified_gmt":"2020-09-24T01:54:11","slug":"los-minutos-negros","status":"publish","type":"product","link":"https:\/\/cienfuegos.fr\/index.php\/product\/los-minutos-negros\/","title":{"rendered":"Los minutos negros"},"content":{"rendered":"","protected":false},"excerpt":{"rendered":"<p>Autor: Solares, Mart\u00edn<br \/>\nEditorial:<br \/>\nA\u00f1o de publicaci\u00f3n:<br \/>\nN\u00famero de p\u00e1ginas:<br \/>\nI.S.B.N:<\/p>\n<p>Los minutos negros transcurre en Paracuan, una ciudad imaginaria de la frontera norte de M\u00e9xico, asediada por narcotraficantes y polic\u00edas corruptos, donde algunos hombres justos arriesgar\u00e1n su vida para averiguar la verdad. Para resolver el asesinato de un periodista en la calurosa ciudad de Paracu\u00e1n, en el Golfo de M\u00e9xico, un polic\u00eda hasta cierto punto honrado debe investigar un crimen ocurrido veinte a\u00f1os antes. Sin embargo, a medida que se sumerge en los bajos fondos del puerto, empieza a sospechar que el asesino que busca podr\u00eda ser el mismo individuo que mat\u00f3 a aquel grupo de ni\u00f1as a mediados de los setenta, cierto narcotraficante que goza de una reputaci\u00f3n intachable, un miembro de la siniestra polic\u00eda secreta que asol\u00f3 M\u00e9xico durante decenios o incluso sus poco honorables colegas en la comandancia. A partir de los testimonios de un ex polic\u00eda con un sentido del humor negr\u00edsimo y de un t\u00edmido jesuita aficionado a elevadas dosis de vodka y mentiras, el detective deber\u00e1 explorar el enigma de su misi\u00f3n, con un agravante: pues la vida, en esta ciudad tropical, funciona como una oscura sinfon\u00eda donde todos los integrantes del coro tienen deudas con la ley. Rese\u00f1a:\u00abUna de las mejores novelas que he le\u00eddo en los \u00faltimos diez a\u00f1os.\u00bbJunot D\u00edaz.<\/p>\n","protected":false},"featured_media":6004,"comment_status":"open","ping_status":"closed","template":"","meta":[],"class_list":{"0":"post-6106","1":"product","2":"type-product","3":"status-publish","4":"has-post-thumbnail","6":"product_cat-narrativa","7":"post","9":"first","10":"instock","11":"taxable","12":"shipping-taxable","13":"purchasable","14":"product-type-simple"},"_links":{"self":[{"href":"https:\/\/cienfuegos.fr\/index.php\/wp-json\/wp\/v2\/product\/6106","targetHints":{"allow":["GET"]}}],"collection":[{"href":"https:\/\/cienfuegos.fr\/index.php\/wp-json\/wp\/v2\/product"}],"about":[{"href":"https:\/\/cienfuegos.fr\/index.php\/wp-json\/wp\/v2\/types\/product"}],"replies":[{"embeddable":true,"href":"https:\/\/cienfuegos.fr\/index.php\/wp-json\/wp\/v2\/comments?post=6106"}],"wp:featuredmedia":[{"embeddable":true,"href":"https:\/\/cienfuegos.fr\/index.php\/wp-json\/wp\/v2\/media\/6004"}],"wp:attachment":[{"href":"https:\/\/cienfuegos.fr\/index.php\/wp-json\/wp\/v2\/media?parent=6106"}],"curies":[{"name":"wp","href":"https:\/\/api.w.org\/{rel}","templated":true}]}}