{"id":6089,"date":"2020-09-24T03:19:19","date_gmt":"2020-09-24T01:19:19","guid":{"rendered":"https:\/\/cienfuegos.fr\/?post_type=product&#038;p=6089"},"modified":"2020-09-24T03:19:19","modified_gmt":"2020-09-24T01:19:19","slug":"fenomenos-de-circo","status":"publish","type":"product","link":"https:\/\/cienfuegos.fr\/index.php\/product\/fenomenos-de-circo\/","title":{"rendered":"Fen\u00f3menos de circo"},"content":{"rendered":"","protected":false},"excerpt":{"rendered":"<p>Autor: Shua, Ana Mar\u00eda<br \/>\nEditorial: P\u00e1gians de espuma<br \/>\nA\u00f1o de publicaci\u00f3n:<br \/>\nN\u00famero de p\u00e1ginas:<br \/>\nI.S.B.N:<\/p>\n<p>En este circo podr\u00e1n contemplarse el extra\u00f1o caso de la novela enana, acr\u00f3batas que dan saltos mortales fuera de la realidad, humanos amaestrados, malabaristas de verbos y un \u00e1ngel trapecista. En este circo se ver\u00e1n seres mitol\u00f3gicos contratados a rega\u00f1adientes y personajes que se equivocaron de g\u00e9nero literario. Los lectores se morder\u00e1n los labios con el dif\u00edcil equilibrio del amor, el drama del payaso, el incre\u00edble origen de la vida y la espeluznante sociedad del espect\u00e1culo. Y no, no har\u00e1 falta que \u00abpasen y vean\u00bb porque ya sospecharan que la vida es circo. Ana Mar\u00eda Shua cuestiona, una vez m\u00e1s, los l\u00edmites convencionales de la narraci\u00f3n en esta colecci\u00f3n de microrrelatos que se articulan a trav\u00e9s de la met\u00e1fora del circo, de sus oficios, sus monstruos, sus animales y su historia. La autora argentina, m\u00e1xima exponente del g\u00e9nero, presenta con sutil lirismo y punzante sentido del humor el destino del ser humano y nos permite mirar de frente, como en la arena circense, la desafiante y extra\u00f1a realidad. Ana Mar\u00eda Shua naci\u00f3 en Buenos Aires en 1951. Desde sus primeros poemas, reunidos en El sol y yo, ha publicado m\u00e1s de cuarenta libros. En 1980 gan\u00f3 con su novela Soy Paciente el premio de la editorial Losada. Sus otras novelas son Los amores de Laurita, (llevada al cine), El libro de los recuerdos (Beca Guggenheim) y La muerte como efecto secundario (Premio Club de los XIII y Premio Municipal en novela). Cuatro de sus libros abordan el microrrelato, un g\u00e9nero en el que ha obtenido el m\u00e1ximo reconocimiento en el \u00e1mbito iberoamericano: La sue\u00f1era, Casa de Geishas, Bot\u00e1nica del caos y Temporada de fantasmas, reunidos todos ellos en Cazadores de Letras (P\u00e1ginas de Espuma, 2009). Tambi\u00e9n ha escrito libros de cuentos: Los d\u00edas de pesca, Viajando se conoce gente y Como una buena madre. Con Miedo en el sur obtuvo el Premio Municipal en el g\u00e9nero cuento. Recibi\u00f3 varios premios nacionales e internacionales por su producci\u00f3n infantil-juvenil.<\/p>\n","protected":false},"featured_media":5995,"comment_status":"open","ping_status":"closed","template":"","meta":[],"class_list":{"0":"post-6089","1":"product","2":"type-product","3":"status-publish","4":"has-post-thumbnail","6":"product_cat-narrativa","7":"post","9":"first","10":"instock","11":"taxable","12":"shipping-taxable","13":"purchasable","14":"product-type-simple"},"_links":{"self":[{"href":"https:\/\/cienfuegos.fr\/index.php\/wp-json\/wp\/v2\/product\/6089","targetHints":{"allow":["GET"]}}],"collection":[{"href":"https:\/\/cienfuegos.fr\/index.php\/wp-json\/wp\/v2\/product"}],"about":[{"href":"https:\/\/cienfuegos.fr\/index.php\/wp-json\/wp\/v2\/types\/product"}],"replies":[{"embeddable":true,"href":"https:\/\/cienfuegos.fr\/index.php\/wp-json\/wp\/v2\/comments?post=6089"}],"wp:featuredmedia":[{"embeddable":true,"href":"https:\/\/cienfuegos.fr\/index.php\/wp-json\/wp\/v2\/media\/5995"}],"wp:attachment":[{"href":"https:\/\/cienfuegos.fr\/index.php\/wp-json\/wp\/v2\/media?parent=6089"}],"curies":[{"name":"wp","href":"https:\/\/api.w.org\/{rel}","templated":true}]}}