{"id":6083,"date":"2020-09-24T03:14:06","date_gmt":"2020-09-24T01:14:06","guid":{"rendered":"https:\/\/cienfuegos.fr\/?post_type=product&#038;p=6083"},"modified":"2020-12-21T15:20:01","modified_gmt":"2020-12-21T14:20:01","slug":"patagonia-express","status":"publish","type":"product","link":"https:\/\/cienfuegos.fr\/index.php\/product\/patagonia-express\/","title":{"rendered":"Patagonia express"},"content":{"rendered":"","protected":false},"excerpt":{"rendered":"<p>Autor: Sep\u00falveda, Luis<br \/>\nEditorial: Tusquets<br \/>\nA\u00f1o de publicaci\u00f3n:<br \/>\nN\u00famero de p\u00e1ginas:<br \/>\nI.S.B.N:<\/p>\n<p>En un viaje a trav\u00e9s de las tierras sorprendentes de la Patagonia y la Tierra del Fuego, Sep\u00falveda descubrir\u00e1 a toda una galer\u00eda personajes inolvidables: Ladislao Eznaola, vagabundo del mar en busca de una nave fantasma; su hermano Agust\u00edn, el bardo de la regi\u00f3n; Jorge D\u00edaz y Radio Ventisquero, \u00abla Voz de la Patagonia\u00bb, e incluso aviadores temerarios que lo transportan todo, desde vino hasta muertos, mientras sobrevuelan la desolada inmensidad del paisaje. \u00abTodos ellos van conmigo\u00bb, concluir\u00e1 el narrador, \u00aby me permiten decir en voz alta que vivir es un magn\u00edfico ejercicio. \u00bb<\/p>\n","protected":false},"featured_media":6000,"comment_status":"open","ping_status":"closed","template":"","meta":[],"class_list":{"0":"post-6083","1":"product","2":"type-product","3":"status-publish","4":"has-post-thumbnail","6":"product_cat-narrativa","7":"post","9":"first","10":"outofstock","11":"taxable","12":"shipping-taxable","13":"purchasable","14":"product-type-simple"},"_links":{"self":[{"href":"https:\/\/cienfuegos.fr\/index.php\/wp-json\/wp\/v2\/product\/6083","targetHints":{"allow":["GET"]}}],"collection":[{"href":"https:\/\/cienfuegos.fr\/index.php\/wp-json\/wp\/v2\/product"}],"about":[{"href":"https:\/\/cienfuegos.fr\/index.php\/wp-json\/wp\/v2\/types\/product"}],"replies":[{"embeddable":true,"href":"https:\/\/cienfuegos.fr\/index.php\/wp-json\/wp\/v2\/comments?post=6083"}],"wp:featuredmedia":[{"embeddable":true,"href":"https:\/\/cienfuegos.fr\/index.php\/wp-json\/wp\/v2\/media\/6000"}],"wp:attachment":[{"href":"https:\/\/cienfuegos.fr\/index.php\/wp-json\/wp\/v2\/media?parent=6083"}],"curies":[{"name":"wp","href":"https:\/\/api.w.org\/{rel}","templated":true}]}}