{"id":5988,"date":"2020-09-22T22:31:04","date_gmt":"2020-09-22T20:31:04","guid":{"rendered":"https:\/\/cienfuegos.fr\/?post_type=product&#038;p=5988"},"modified":"2020-09-22T22:31:04","modified_gmt":"2020-09-22T20:31:04","slug":"nuestra-senora-de-paris","status":"publish","type":"product","link":"https:\/\/cienfuegos.fr\/index.php\/product\/nuestra-senora-de-paris\/","title":{"rendered":"Nuestra se\u00f1ora de Par\u00eds"},"content":{"rendered":"","protected":false},"excerpt":{"rendered":"<p>T\u00edtulo: Nuestra se\u00f1ora de Par\u00eds<br \/>\nAutor: Victor Hugo<br \/>\nEditorial: Alianza<br \/>\nFecha de publicaci\u00f3n: 2013<\/p>\n<p>En el Par\u00eds del siglo XV, con sus sombr\u00edas callejuelas pobladas por desheredados de la fortuna y esp\u00edritus atormentados, la gitana Esmeralda, que predice el porvenir y atrae fatalmente a los hombres, es acusada injustamente de la muerte de su amado y condenada al pat\u00edbulo. Agradecido por el apoyo que en otro tiempo recibi\u00f3 de ella, Quasimodo, campanero de Nuestra Se\u00f1ora, de fuerza herc\u00falea y cuya horrible fealdad esconde un coraz\u00f3n sensible, la salva y le da asilo en la catedral.<\/p>\n","protected":false},"featured_media":5989,"comment_status":"open","ping_status":"closed","template":"","meta":[],"class_list":{"0":"post-5988","1":"product","2":"type-product","3":"status-publish","4":"has-post-thumbnail","6":"product_cat-narrativa","7":"post","9":"first","10":"instock","11":"taxable","12":"shipping-taxable","13":"purchasable","14":"product-type-simple"},"_links":{"self":[{"href":"https:\/\/cienfuegos.fr\/index.php\/wp-json\/wp\/v2\/product\/5988","targetHints":{"allow":["GET"]}}],"collection":[{"href":"https:\/\/cienfuegos.fr\/index.php\/wp-json\/wp\/v2\/product"}],"about":[{"href":"https:\/\/cienfuegos.fr\/index.php\/wp-json\/wp\/v2\/types\/product"}],"replies":[{"embeddable":true,"href":"https:\/\/cienfuegos.fr\/index.php\/wp-json\/wp\/v2\/comments?post=5988"}],"wp:featuredmedia":[{"embeddable":true,"href":"https:\/\/cienfuegos.fr\/index.php\/wp-json\/wp\/v2\/media\/5989"}],"wp:attachment":[{"href":"https:\/\/cienfuegos.fr\/index.php\/wp-json\/wp\/v2\/media?parent=5988"}],"curies":[{"name":"wp","href":"https:\/\/api.w.org\/{rel}","templated":true}]}}