{"id":5972,"date":"2020-09-20T01:36:46","date_gmt":"2020-09-19T23:36:46","guid":{"rendered":"https:\/\/cienfuegos.fr\/?post_type=product&#038;p=5972"},"modified":"2020-09-20T01:36:46","modified_gmt":"2020-09-19T23:36:46","slug":"el-camino-de-los-difuntos","status":"publish","type":"product","link":"https:\/\/cienfuegos.fr\/index.php\/product\/el-camino-de-los-difuntos\/","title":{"rendered":"El camino de los difuntos"},"content":{"rendered":"","protected":false},"excerpt":{"rendered":"<p>Autor:Sureau, Francisco<br \/>\nEditorial: Perif\u00e9rica<br \/>\nA\u00f1o de publicaci\u00f3n:<br \/>\nN\u00famero de p\u00e1ginas:<br \/>\nI.S.B.N:<\/p>\n<p>Par\u00eds, comienzo de la d\u00e9cada de 1980. Javier Ibarrategui, antiguo militante de ETA durante el franquismo, solicita que se le mantenga el asilo pol\u00edtico en Francia (a pesar de que ya hay democracia en Espa\u00f1a), pues cree que si vuelve al Pa\u00eds Vasco podr\u00eda ser asesinado por los GAL. Para el gobierno franc\u00e9s se trata de un asunto muy delicado. \u00bfQu\u00e9 hacer entonces? El jurista Fran\u00e7ois Sureau, uno de los novelistas franceses m\u00e1s prestigiosos del presente, ten\u00eda menos de treinta a\u00f1os entonces y se vio involucrado en distintos casos que, con el tel\u00f3n de fondo de conceptos como piedad, culpa o perd\u00f3n, finalmente conformaron su idea de la justicia y de la verdad. \u00abIbarrategui era un caso completamente distinto. Hab\u00eda nacido en Zestoa, Guip\u00fazcoa, en 1940. Tras cursar los estudios superiores en letras, hab\u00eda vuelto a su tierra en calidad de maestro. Era militante de la causa vasca, pero a\u00fan m\u00e1s del antifranquismo. Se hab\u00eda alistado en ETA y hab\u00eda ocupado un cargo importante en la organizaci\u00f3n clandestina. Despu\u00e9s de ser objeto de una intensa persecuci\u00f3n tras los primeros atentados contra el franquismo, se march\u00f3 en 1969 a Francia, donde obtuvo el estatus de refugiado. Llevaba diez a\u00f1os viviendo all\u00ed humildemente, absteni\u00e9ndose de toda actividad militante, como si algo en \u00e9l se hubiera roto. Hab\u00eda trabajado en un taller mec\u00e1nico en Quimper, y luego, durante los a\u00f1os posteriores, en una librer\u00eda de Par\u00eds. Cuando se produjo el asesinato de Carrero Blanco, en 1973, escribi\u00f3 un peque\u00f1o texto para desaprobar el atentado, texto que se public\u00f3 en varias octavillas clandestinas y que tanto sus antiguos compa\u00f1eros como algunas voces autorizadas de la extrema izquierda francesa le reprocharon. Casi lo hab\u00edan olvidado tras tanto tiempo en silencio. \u00bb Una novela autobiogr\u00e1fica que se puede definir con dos palabras que riman: brevedad e intensidad. Una obra bell\u00edsima y exacta.<\/p>\n","protected":false},"featured_media":5923,"comment_status":"open","ping_status":"closed","template":"","meta":[],"class_list":{"0":"post-5972","1":"product","2":"type-product","3":"status-publish","4":"has-post-thumbnail","6":"product_cat-narrativa","7":"post","9":"first","10":"instock","11":"taxable","12":"shipping-taxable","13":"purchasable","14":"product-type-simple"},"_links":{"self":[{"href":"https:\/\/cienfuegos.fr\/index.php\/wp-json\/wp\/v2\/product\/5972","targetHints":{"allow":["GET"]}}],"collection":[{"href":"https:\/\/cienfuegos.fr\/index.php\/wp-json\/wp\/v2\/product"}],"about":[{"href":"https:\/\/cienfuegos.fr\/index.php\/wp-json\/wp\/v2\/types\/product"}],"replies":[{"embeddable":true,"href":"https:\/\/cienfuegos.fr\/index.php\/wp-json\/wp\/v2\/comments?post=5972"}],"wp:featuredmedia":[{"embeddable":true,"href":"https:\/\/cienfuegos.fr\/index.php\/wp-json\/wp\/v2\/media\/5923"}],"wp:attachment":[{"href":"https:\/\/cienfuegos.fr\/index.php\/wp-json\/wp\/v2\/media?parent=5972"}],"curies":[{"name":"wp","href":"https:\/\/api.w.org\/{rel}","templated":true}]}}